{"id":146,"date":"2018-02-06T21:40:24","date_gmt":"2018-02-06T20:40:24","guid":{"rendered":"http:\/\/www.spz.ried.at\/cms\/?page_id=146"},"modified":"2022-01-27T17:51:39","modified_gmt":"2022-01-27T16:51:39","slug":"leitbild-religion","status":"publish","type":"page","link":"http:\/\/www.stifterschule.ried.at\/cms\/leitbild-religion\/","title":{"rendered":"Unser Schulprofil"},"content":{"rendered":"<p>Um die Sch\u00fclerinnen und Sch\u00fcler p\u00e4dagogisch und in ihren pers\u00f6nlichen F\u00e4higkeiten optimal bei ihren Lernfortschritten zu unterst\u00fctzen, ist eine Vielfalt an Klassenformen n\u00f6tig.<\/p>\n<p>Wir bieten daher 9 Klassen mit insgesamt 113 Sch\u00fclerInnen<br \/>\ndavon:<\/p>\n<ul>\n<li>4 Integrationsklassen<\/li>\n<li>4 Kleingruppenklassen f\u00fcr Kinder im Alter von 6-14 Jahren<\/li>\n<li>1 AVL (<strong>A<\/strong>rbeits<strong>V<\/strong>orbereitender <strong>L<\/strong>ehrgang) von 15-17 Jahren<\/li>\n<\/ul>\n<p>Die 113 Sch\u00fcler und Sch\u00fclerinnen werden von 20 Lehrerinnen (davon einige in Teilzeit) unterrichtet. Das Schulteam teilt sich wie folgt auf:<\/p>\n<ul>\n<li>16 Sonderschullehrerinnen<\/li>\n<li>4 Volksschullehrerinnen<\/li>\n<li>ReligionslehrerInnen (r\u00f6m.-kath., evang., islamisch)<\/li>\n<li>12 Schulassisstentinnen<\/li>\n<li>4 Praktikantinnen<\/li>\n<li>1 Freiwilliges Soziales Jahr<\/li>\n<li>Weiteres Unterst\u00fctzungspersonal: SUSA, Betreuungslehrerin<\/li>\n<li>Schulwart, Reinigungspersonal<\/li>\n<li>Viele SchulbusfahrerInnen<\/li>\n<\/ul>\n<p>&nbsp;<\/p>\n<h1><span style=\"font-size: 14pt;\"><a href=\"#Leitbild\"><span style=\"text-decoration: underline;\">Leitbild der A. Stifter Schule<\/span><\/a><\/span><\/h1>\n<h1><span style=\"font-size: 14pt;\"><a href=\"#I-klassen\"><span style=\"text-decoration: underline;\">Volksschulintegrationsklassen<\/span><\/a><\/span><\/h1>\n<h1><span style=\"font-size: 12pt;\"><a href=\"#f1ka1\"><span style=\"font-size: 14pt;\"><span style=\"text-decoration: underline;\">F\u00f6rderklassen<\/span><\/span><\/a><\/span><\/h1>\n<h1><a href=\"#A1VL\"><span style=\"font-size: 10pt;\"><span style=\"font-size: 12pt;\">Arbeitsvorbereitungslehrgang<\/span><span style=\"font-size: 12pt;\"> (AVL)<\/span><\/span><\/a><\/h1>\n<h1><span style=\"font-size: 12pt;\"><a href=\"#g1ru1\"><span style=\"font-size: 14pt;\"><span style=\"text-decoration: underline;\">Gemeinsamer Religionsunterricht<\/span><\/span><\/a><\/span><\/h1>\n<p>&nbsp;<\/p>\n<h1><\/h1>\n<h1 class=\"csc-firstHeader\"><span style=\"color: #9e3737;\">Leitbild der Adalbert Stifter Schule<br \/>\n<\/span><\/h1>\n<p>&nbsp;<\/p>\n<p class=\"Normal tm5\"><strong><span class=\"tm7\">Wir gestalten unsere Schule als gemeinsamen Lebensraum f\u00fcr Volkschulkinder und Kindern mit Beeintr\u00e4chtigungen. Diese Vielfalt an unserer Schule soll bereichernd erlebt und jede\/r in seinem individuellen Dasein respektiert und angenommen werden. <a id=\"leitbild\"><\/a><\/span><\/strong><\/p>\n<p class=\"Normal tm5\"><span class=\"tm8\">Grunds\u00e4tzlich werden die Sch\u00fcler in vier VS-Integrationsklassen oder in Kleinklassen unterrichtet. Wir verstehen uns als eine bunte und vielf\u00e4ltige Gemeinschaft. <\/span><\/p>\n<p class=\"Normal tm5\"><span class=\"tm8\">Teile des Schulalltags leben wir klassen\u00fcbergreifend wie: gemeinsame Feiern, Feste, Schulausfl\u00fcge, Projekttage, Kochunterricht, gemeinsame Zeiten vor und nach dem Unterricht. Unsere bewegte Pause verbringen wir fast bei jedem Wetter alle gemeinsam im gro\u00dfen Schulgarten.<\/span><\/p>\n<p class=\"Normal tm5\"><span class=\"tm8\">Es wird jedes Kind entsprechend des jeweiligen Lehrplans nach eigenem Lerntempo unterrichtet. Dabei begleiten wir die Kinder bei ihren individuellen Lernerfahrungen und schaffen ein Klima des Verst\u00e4ndnisses und der W\u00e4rme.<\/span><span class=\"tm8\"> Wir belehren die Kinder so wenig wie m\u00f6glich. Der Grundwert der P\u00e4dagogik Maria Montessoris \u201eHilf mir es selbst zu tun\u201c wird an unserer Schule gelebt. Sch\u00fcler\/innen d\u00fcrfen Erfahrungen sammeln und sich selbst\u00e4ndig Wissen aneignen. Durch die Vielfalt k\u00f6nnen Kinder auch viel voneinander lernen und sich gegenseitig unterst\u00fctzen.<\/span><\/p>\n<p class=\"Normal tm5\"><span class=\"tm8\">Eine kooperative Zusammenarbeit mit den Eltern ist uns wichtig. Deshalb erwarten wir von den Eltern, dass sie das Klima der gegenseitigen Wertsch\u00e4tzung und Akzeptanz an der A. Stifter Schule mittragen: <\/span><\/p>\n<ul>\n<li class=\"Normal tm9\"><span class=\"tm8\">Vielfalt wird als Bereicherung empfunden <\/span><\/li>\n<li class=\"Normal tm9\"><span class=\"tm8\">Eigenverantwortung wird gest\u00e4rkt<\/span><\/li>\n<li class=\"Normal tm9\"><span class=\"tm8\">Respekt und Toleranz sind selbstverst\u00e4ndlich<\/span><\/li>\n<li class=\"Normal tm9\"><span class=\"tm8\">die W\u00fcrde jedes Menschen wird geachtet<\/span><\/li>\n<li class=\"Normal tm9\"><span class=\"tm8\">Offenheit f\u00fcreinander und die Bereitschaft uns aufeinander einzulassen<\/span><\/li>\n<li class=\"Normal tm9\"><span class=\"tm8\">Wohlwollen ist eine Grundhaltung aller<\/span><\/li>\n<li class=\"Normal tm9\"><span class=\"tm8\">Fr\u00f6hlichkeit hat ihren Platz<\/span><\/li>\n<li class=\"Normal tm9\"><span class=\"tm8\">Herzensbildung ist uns ein Anliegen<\/span><\/li>\n<\/ul>\n<hr \/>\n<h1 class=\"Normal tm5\"><span style=\"color: #9e3737;\"><span class=\"tm6\"><a id=\"I-klassen\"><\/a>VS \u2013 Integrationsklassen \u2013 Integration leben<\/span><\/span><\/h1>\n<h1><\/h1>\n<p class=\"Normal tm7\"><span class=\"tm8\">Von- und miteinander lernen \u2013 nach diesem Grundgedanken wird in den vier Integrationsklassen an der Adalbert-Stifter-Schule gelernt und gelebt. Von Lehrerteams, bestehend aus einer VolksschullehrerIn und einer SonderschullehrerIn, werden Kinder mit und ohne Beeintr\u00e4chtigung gemeinsam unterrichtet. Zus\u00e4tzlich werden die Lehrerteams noch von einer Schulassistentin unterst\u00fctzt. <\/span><\/p>\n<p class=\"Normal tm7\"><span class=\"tm8\">Der Unterricht besteht aus gebundenem Unterricht und Wochenplanarbeit. Im gebundenen Unterricht werden neue Themen eingef\u00fchrt und gemeinsam erarbeitet. Durch das eigenst\u00e4ndige Arbeiten am Wochenplan k\u00f6nnen die Kinder nicht nur im individuellen Tempo arbeiten, sondern k\u00f6nnen sich so auch zu selbstst\u00e4ndigen Pers\u00f6nlichkeiten entwickeln.<\/span><\/p>\n<p class=\"Normal tm7\"><span class=\"tm8\">In den Integrationsklassen wird nach verschiedenen p\u00e4dagogischen Konzepten unterrichtet, unter anderem auch nach der Montessori-P\u00e4dagogik. W\u00e4hrend der Wochenplanarbeit d\u00fcrfen sich die Kinder die Montessori-Materialien nehmen und sich so selbstst\u00e4ndig neue Lerninhalte aneignen bzw. bereits gelernte Inhalte vertiefen. <\/span><\/p>\n<p class=\"Normal tm7\"><span class=\"tm8\">Zus\u00e4tzlich wird Lese- und Rechtschreibf\u00f6rderung angeboten, die im Unterricht inkludiert ist. Lese- und rechtschreibschwache Kinder werden f\u00fcr kurze Sequenzen aus dem Unterricht genommen, so wird individuell noch mehr auf die Schw\u00e4chen eingegangen. <\/span><\/p>\n<p class=\"Normal tm7\"><span class=\"tm8\">Grundlage des Unterrichts ist immer der jeweilige Lehrplan, nach dem das Kind unterrichtet wird. F\u00fcr Kinder mit sonderp\u00e4dagogischen F\u00f6rderbedarf wird ein individueller F\u00f6rderplan erstellt, der gew\u00e4hrleistet, dass jedes Kind in den einzelnen Lernbereichen entsprechend seines Lernstandes bestm\u00f6glich gef\u00f6rdert wird.<\/span><\/p>\n<p class=\"Normal tm7\"><span class=\"tm8\">Ein besonderer Schwerpunkt stellt das soziale Lernen dar. Die Achtung und Wertsch\u00e4tzung des Kindes in seiner Einzigartigkeit mit seinen St\u00e4rken und Schw\u00e4chen sind Grundvoraussetzung f\u00fcr das Lernen in einer heterogenen Gruppe und verlangt von allen Toleranz, Einf\u00fchlungsverm\u00f6gen, Verst\u00e4ndnis und Hilfsbereitschaft.<a id=\"aGoBack\"><\/a><\/span><\/p>\n\n\n<div id=\"gslideshow\" class=\"gss-container no-captions\">\n\t<div class=\"cycle-slideshow\" \n\t\tdata-cycle-slides=\"> a\"\n\t\tdata-cycle-paused=\"true\"\n\t\tdata-cycle-prev=\"#gslideshow_prev\"\n\t\tdata-cycle-next=\"#gslideshow_next\"\n\t\tdata-cycle-pager=\"#gslideshow_pager\"\n\t\tdata-cycle-pager-template=\"<a href=#>&nbsp;<\/a>\"\n\t\tdata-cycle-speed=\"750\"\n\t\t>\n\t\t\t<a href=\"http:\/\/www.stifterschule.ried.at\/cms\/leitbild-religion\/dsc03565\/\" data-cycle-caption=\"\"><img decoding=\"async\" src=\"http:\/\/www.stifterschule.ried.at\/cms\/wp-content\/uploads\/2019\/05\/DSC03565.jpg\" title=\"DSC03565\" alt=\"DSC03565\" \/><\/a>\n\n\t\t\t<a href=\"http:\/\/www.stifterschule.ried.at\/cms\/leitbild-religion\/dsc03597\/\" data-cycle-caption=\"\"><img decoding=\"async\" src=\"http:\/\/www.stifterschule.ried.at\/cms\/wp-content\/uploads\/2019\/05\/DSC03597.jpg\" title=\"DSC03597\" alt=\"DSC03597\" \/><\/a>\n\n\t\t\t<a href=\"http:\/\/www.stifterschule.ried.at\/cms\/leitbild-religion\/dsc03604\/\" data-cycle-caption=\"\"><img decoding=\"async\" src=\"http:\/\/www.stifterschule.ried.at\/cms\/wp-content\/uploads\/2019\/05\/DSC03604.jpg\" title=\"DSC03604\" alt=\"DSC03604\" \/><\/a>\n\n\t\t\t<a href=\"http:\/\/www.stifterschule.ried.at\/cms\/leitbild-religion\/dav-4\/\" data-cycle-caption=\"\"><img decoding=\"async\" src=\"http:\/\/www.stifterschule.ried.at\/cms\/wp-content\/uploads\/2019\/05\/IMG_20180914_111007.jpg\" title=\"dav\" alt=\"dav\" \/><\/a>\n\t<\/div>\n\t<div class=\"gss-info\">\n\t\t<div class=\"gss-nav\"><div id=\"gslideshow_prev\" class=\"gss-prev\">&lt;<\/div><div id=\"gslideshow_play\" class=\"gss-play\">&#9658;<\/div><div id=\"gslideshow_next\" class=\"gss-next\">&gt;<\/div><\/div>\n\t\t\t<div id=\"gslideshow_pager\" class=\"gss-pager\"><\/div>\n\t<\/div>\n<\/div>\n\n\n<hr \/>\n<h1 class=\"Normal tm5\" style=\"text-align: left;\"><span class=\"tm7\" style=\"color: #9e3737;\">Klassen f\u00fcr Kinder mit erh\u00f6htem F\u00f6rderbedarf <a id=\"f1ka1\"><\/a><br \/>\n<\/span><\/h1>\n<h1><\/h1>\n<p class=\"Normal tm8\"><span class=\"tm9\">Der Unterricht in den F\u00f6rderklassen, die als Kleinklassen gef\u00fchrt werden, orientiert sich an den individuellen Bed\u00fcrfnissen jedes einzelnen Kindes. Als Grundlage daf\u00fcr dient ein F\u00f6rderplan, der f\u00fcr jede\/n Sch\u00fcler\/in erstellt wird. Lebenspraktisches Training zur Alltagsbew\u00e4ltigung ist ein wesentlicher Bestandteil des Unterrichtsgeschehens. Aber auch Lesen, Schreiben und Rechnen werden je nach individuellen M\u00f6glichkeiten der Sch\u00fcler\/innen in vielf\u00e4ltiger Weise gef\u00f6rdert.<\/span><\/p>\n<p class=\"Normal tm8\"><span class=\"tm9\">Hauptthemen der p\u00e4dagogischen Arbeit sind die Hinf\u00fchrung zu einem m\u00f6glichst selbstbestimmten Leben, was durch einen rhythmischen Tagesablauf mit immer wiederkehrenden Ritualen unterst\u00fctzt wird. <\/span><\/p>\n<p class=\"Normal tm8\"><span class=\"tm9\">Gemeinsam wollen wir die W\u00fcrde des Menschen, die Einmaligkeit und sein Anderssein respektieren. Soziales Lernen steht auf dem \u201et\u00e4glichen Stundenplan\u201c. Wertsch\u00e4tzung, Konfliktbew\u00e4ltigung, Konsequenz und das Pflegen menschlicher Beziehungen werden hier gelebt. <\/span><\/p>\n<p class=\"Normal tm8\"><span class=\"tm9\">In den h\u00f6heren Schulstufen liegt ein besonderer Schwerpunkt in der Berufsvorbereitung.<\/span><\/p>\n<p class=\"Normal tm8\"><span class=\"tm9\">F\u00fcr die Umsetzung dieses p\u00e4dagogischen Konzeptes ist eine intensive, vertrauensvolle Zusammenarbeit mit den Eltern von gro\u00dfer Bedeutung. <\/span><\/p>\n\n\n<div id=\"slideshow\" class=\"gss-container no-captions\">\n\t<div class=\"cycle-slideshow\" \n\t\tdata-cycle-slides=\"> a\"\n\t\tdata-cycle-paused=\"true\"\n\t\tdata-cycle-prev=\"#slideshow_prev\"\n\t\tdata-cycle-next=\"#slideshow_next\"\n\t\tdata-cycle-pager=\"#slideshow_pager\"\n\t\tdata-cycle-pager-template=\"<a href=#>&nbsp;<\/a>\"\n\t\tdata-cycle-speed=\"750\"\n\t\t>\n\t\t\t<a href=\"http:\/\/www.stifterschule.ried.at\/cms\/leitbild-religion\/img_0728\/\" data-cycle-caption=\"\"><img decoding=\"async\" src=\"http:\/\/www.stifterschule.ried.at\/cms\/wp-content\/uploads\/2019\/05\/IMG_0728.jpg\" title=\"IMG_0728\" alt=\"IMG_0728\" \/><\/a>\n\n\t\t\t<a href=\"http:\/\/www.stifterschule.ried.at\/cms\/leitbild-religion\/img_3617\/\" data-cycle-caption=\"\"><img decoding=\"async\" src=\"http:\/\/www.stifterschule.ried.at\/cms\/wp-content\/uploads\/2019\/05\/IMG_3617.jpg\" title=\"IMG_3617\" alt=\"IMG_3617\" \/><\/a>\n\n\t\t\t<a href=\"http:\/\/www.stifterschule.ried.at\/cms\/leitbild-religion\/img_20181127_144017_resized_20181127_052916723-2\/\" data-cycle-caption=\"\"><img decoding=\"async\" src=\"http:\/\/www.stifterschule.ried.at\/cms\/wp-content\/uploads\/2019\/05\/IMG_20181127_144017_resized_20181127_052916723.jpg\" title=\"IMG_20181127_144017_resized_20181127_052916723\" alt=\"IMG_20181127_144017_resized_20181127_052916723\" \/><\/a>\n\n\t\t\t<a href=\"http:\/\/www.stifterschule.ried.at\/cms\/leitbild-religion\/img_20190204_084332\/\" data-cycle-caption=\"\"><img decoding=\"async\" src=\"http:\/\/www.stifterschule.ried.at\/cms\/wp-content\/uploads\/2019\/05\/IMG_20190204_084332.jpg\" title=\"IMG_20190204_084332\" alt=\"IMG_20190204_084332\" \/><\/a>\n\n\t\t\t<a href=\"http:\/\/www.stifterschule.ried.at\/cms\/leitbild-religion\/img_20190402_152439_resized_20190405_082541903\/\" data-cycle-caption=\"\"><img decoding=\"async\" src=\"http:\/\/www.stifterschule.ried.at\/cms\/wp-content\/uploads\/2019\/05\/IMG_20190402_152439_resized_20190405_082541903.jpg\" title=\"IMG_20190402_152439_resized_20190405_082541903\" alt=\"IMG_20190402_152439_resized_20190405_082541903\" \/><\/a>\n\t<\/div>\n\t<div class=\"gss-info\">\n\t\t<div class=\"gss-nav\"><div id=\"slideshow_prev\" class=\"gss-prev\">&lt;<\/div><div id=\"slideshow_play\" class=\"gss-play\">&#9658;<\/div><div id=\"slideshow_next\" class=\"gss-next\">&gt;<\/div><\/div>\n\t\t\t<div id=\"slideshow_pager\" class=\"gss-pager\"><\/div>\n\t<\/div>\n<\/div>\n\n\n<p>&nbsp;<\/p>\n<hr \/>\n<h1><span style=\"color: #9e3737; font-size: 18pt;\"><a id=\"A1VL\"><\/a>Arbeitsvorbereitungslehrgang (AVL)<\/span><\/h1>\n<p>&nbsp;<\/p>\n<p class=\"Normal tm6 tm7\"><span class=\"tm8\">Um unseren Sch\u00fclernInnen ab der 9. Schulstufe einen leichteren Umstieg in ihr nachschulisches Umfeld zu erm\u00f6glichen, wird der Arbeitsvorbereitungslehrgang gestartet. Somit bezieht sich der Schwerpunkt auf die lebenspraktischen T\u00e4tigkeiten.<\/span><\/p>\n<p class=\"Normal tm6 tm7\"><span class=\"tm8\">Das Prinzip dieses Unterrichtes ist selbst\u00e4ndiges Arbeiten, Organisieren, pflichtbewusste Versorgung der Arbeitsger\u00e4te. <\/span><\/p>\n<p class=\"Normal tm6 tm7\"><span class=\"tm8\">Folgende Bereiche bilden die Schwerpunkte in unserem Wochenablauf:<br \/>\n<\/span><\/p>\n<p><span class=\"tm11\">Hauswirtschaft, <\/span><span class=\"tm11\">Haushalt, <\/span><span class=\"tm11\">Garten- und Au\u00dfenarbeit, <\/span><span class=\"tm11\">Umgang und Verarbeiten der Materialien Holz und Ton, <\/span><span class=\"tm11\">N\u00e4hen, <\/span><span class=\"tm11\">\u00c4sthetisch-bildnerische Erziehung<\/span><span class=\"tm11\"><br \/>\n<\/span><\/p>\n<p class=\"Listenabsatz tm13\"><span class=\"tm8\">Zus\u00e4tzlich sind soziale Stunden (Bsp. f\u00fcr ein gemeinsames Spiel, Gespr\u00e4che, gemeinsames Fr\u00fchst\u00fccken,&#8230;) im Stundenplan vorgesehen. <\/span><span class=\"tm8\">Ein fixer, w\u00f6chentlicher Kaffeehausbesuch st\u00e4rkt die Eigenst\u00e4ndigkeit und das Selbstbewusstsein der Sch\u00fclerInnen in der \u00d6ffentlichkeit.<\/span><\/p>\n<p class=\"Normal tm6 tm7\"><span class=\"tm8\">Durch das eigenst\u00e4ndige Organisieren wird die Selbstst\u00e4ndigkeit, Kooperation und Eigenkompetenz gef\u00f6rdert.<\/span><\/p>\n<p>&nbsp;<\/p>\n\n\n<div id=\"slideshow3\" class=\"gss-container no-captions\">\n\t<div class=\"cycle-slideshow\" \n\t\tdata-cycle-slides=\"> a\"\n\t\tdata-cycle-paused=\"true\"\n\t\tdata-cycle-prev=\"#slideshow3_prev\"\n\t\tdata-cycle-next=\"#slideshow3_next\"\n\t\tdata-cycle-pager=\"#slideshow3_pager\"\n\t\tdata-cycle-pager-template=\"<a href=#>&nbsp;<\/a>\"\n\t\tdata-cycle-speed=\"750\"\n\t\t>\n\t\t\t<a href=\"http:\/\/www.stifterschule.ried.at\/cms\/leitbild-religion\/img-20210326-wa0000-2\/\" data-cycle-caption=\"\"><img decoding=\"async\" src=\"http:\/\/www.stifterschule.ried.at\/cms\/wp-content\/uploads\/2021\/04\/IMG-20210326-WA0000.jpg\" title=\"IMG-20210326-WA0000\" alt=\"IMG-20210326-WA0000\" \/><\/a>\n\n\t\t\t<a href=\"http:\/\/www.stifterschule.ried.at\/cms\/leitbild-religion\/img-20210326-wa0002-2\/\" data-cycle-caption=\"\"><img decoding=\"async\" src=\"http:\/\/www.stifterschule.ried.at\/cms\/wp-content\/uploads\/2021\/04\/IMG-20210326-WA0002.jpg\" title=\"IMG-20210326-WA0002\" alt=\"IMG-20210326-WA0002\" \/><\/a>\n\n\t\t\t<a href=\"http:\/\/www.stifterschule.ried.at\/cms\/leitbild-religion\/img_20201215_120024_resized_20201220_034909017\/\" data-cycle-caption=\"\"><img decoding=\"async\" src=\"http:\/\/www.stifterschule.ried.at\/cms\/wp-content\/uploads\/2021\/04\/IMG_20201215_120024_resized_20201220_034909017.jpg\" title=\"IMG_20201215_120024_resized_20201220_034909017\" alt=\"IMG_20201215_120024_resized_20201220_034909017\" \/><\/a>\n\n\t\t\t<a href=\"http:\/\/www.stifterschule.ried.at\/cms\/leitbild-religion\/img-20201207-wa0009\/\" data-cycle-caption=\"\"><img decoding=\"async\" src=\"http:\/\/www.stifterschule.ried.at\/cms\/wp-content\/uploads\/2021\/04\/IMG-20201207-WA0009.jpg\" title=\"IMG-20201207-WA0009\" alt=\"IMG-20201207-WA0009\" \/><\/a>\n\n\t\t\t<a href=\"http:\/\/www.stifterschule.ried.at\/cms\/leitbild-religion\/img-20201209-wa0004\/\" data-cycle-caption=\"\"><img decoding=\"async\" src=\"http:\/\/www.stifterschule.ried.at\/cms\/wp-content\/uploads\/2021\/04\/IMG-20201209-WA0004.jpg\" title=\"IMG-20201209-WA0004\" alt=\"IMG-20201209-WA0004\" \/><\/a>\n\n\t\t\t<a href=\"http:\/\/www.stifterschule.ried.at\/cms\/leitbild-religion\/img_20210121_112145_resized_20210126_075712736\/\" data-cycle-caption=\"\"><img decoding=\"async\" src=\"http:\/\/www.stifterschule.ried.at\/cms\/wp-content\/uploads\/2021\/04\/IMG_20210121_112145_resized_20210126_075712736.jpg\" title=\"IMG_20210121_112145_resized_20210126_075712736\" alt=\"IMG_20210121_112145_resized_20210126_075712736\" \/><\/a>\n\n\t\t\t<a href=\"http:\/\/www.stifterschule.ried.at\/cms\/leitbild-religion\/img-20210126-wa0006\/\" data-cycle-caption=\"\"><img decoding=\"async\" src=\"http:\/\/www.stifterschule.ried.at\/cms\/wp-content\/uploads\/2021\/04\/IMG-20210126-WA0006.jpg\" title=\"IMG-20210126-WA0006\" alt=\"IMG-20210126-WA0006\" \/><\/a>\n\t<\/div>\n\t<div class=\"gss-info\">\n\t\t<div class=\"gss-nav\"><div id=\"slideshow3_prev\" class=\"gss-prev\">&lt;<\/div><div id=\"slideshow3_play\" class=\"gss-play\">&#9658;<\/div><div id=\"slideshow3_next\" class=\"gss-next\">&gt;<\/div><\/div>\n\t\t\t<div id=\"slideshow3_pager\" class=\"gss-pager\"><\/div>\n\t<\/div>\n<\/div>\n\n\n<hr \/>\n<div class=\"csc-header csc-header-n2\">\n<h1><span style=\"color: #9e3737;\">Gemeinsamer Religionsunterricht<a id=\"g1ru1\"><\/a><\/span><\/h1>\n<div class=\"csc-textpic-text\">\n<h1><\/h1>\n<p class=\"bodytext\">Es ist uns ein Anliegen, im Religionsunterricht die Liebe und das Erbarmen Gottes erfahrbar zu machen. Wir begleiten die Kinder in ihrer Sehnsucht nach Antworten auf die gro\u00dfen Fragen des Lebens. Bergende Br\u00e4uche und heilsame Rituale st\u00e4rken die Kraft des eigenen Herzens. Das Licht, das Wesen jedes einzelnen Kindes, ist uns wichtig.<\/p>\n<p class=\"bodytext\">Im Mikrokosmos unserer Schule erleben wir die unterschiedlichen Sch\u00e4tze der Konfessionen und Religionen als gro\u00dfe Bereicherung.<\/p>\n<p class=\"bodytext\">Es gibt klar Unterschiede aber auch viele Gemeinsamkeiten: diese k\u00f6nnen auch in der Schule den interreligi\u00f6sen Dialog f\u00f6rdern.<\/p>\n<p class=\"bodytext\"><a name=\"_GoBack\"><\/a> Solide Kenntnis der je eigenen Glaubensinhalte, der dazugeh\u00f6rigen Br\u00e4uche und Rituale erm\u00f6glichen Toleranz im Umgang mit Anderen. Respekt vor Heiligem, Gro\u00dfz\u00fcgigkeit im Denken und Sein tragen bei zu Frieden und gegenseitigem Verst\u00e4ndnis.<\/p>\n<p class=\"bodytext\">Unsere gemeinsame, in gro\u00dfer gegenseitiger Offenheit und Herzlichkeit gepflegte Feierkultur schafft viel Freude und Lebendigkeit im Haus.<\/p>\n\n\n<div id=\"slideshow1\" class=\"gss-container no-captions\">\n\t<div class=\"cycle-slideshow\" \n\t\tdata-cycle-slides=\"> a\"\n\t\tdata-cycle-paused=\"true\"\n\t\tdata-cycle-prev=\"#slideshow1_prev\"\n\t\tdata-cycle-next=\"#slideshow1_next\"\n\t\tdata-cycle-pager=\"#slideshow1_pager\"\n\t\tdata-cycle-pager-template=\"<a href=#>&nbsp;<\/a>\"\n\t\tdata-cycle-speed=\"750\"\n\t\t>\n\t\t\t<a href=\"http:\/\/www.stifterschule.ried.at\/cms\/leitbild-religion\/whatsapp-image-2022-01-24-at-20-33-507\/\" data-cycle-caption=\"\"><img decoding=\"async\" src=\"http:\/\/www.stifterschule.ried.at\/cms\/wp-content\/uploads\/2022\/01\/WhatsApp-Image-2022-01-24-at-20.33.507.jpeg\" title=\"WhatsApp Image 2022-01-24 at 20.33.507\" alt=\"WhatsApp Image 2022-01-24 at 20.33.507\" \/><\/a>\n\n\t\t\t<a href=\"http:\/\/www.stifterschule.ried.at\/cms\/leitbild-religion\/whatsapp-image-2022-01-16-at-22-36-064-2\/\" data-cycle-caption=\"\"><img decoding=\"async\" src=\"http:\/\/www.stifterschule.ried.at\/cms\/wp-content\/uploads\/2022\/01\/WhatsApp-Image-2022-01-16-at-22.36.064-1.jpeg\" title=\"WhatsApp Image 2022-01-16 at 22.36.064\" alt=\"WhatsApp Image 2022-01-16 at 22.36.064\" \/><\/a>\n\n\t\t\t<a href=\"http:\/\/www.stifterschule.ried.at\/cms\/leitbild-religion\/whatsapp-image-2022-01-16-at-22-53-556\/\" data-cycle-caption=\"\"><img decoding=\"async\" src=\"http:\/\/www.stifterschule.ried.at\/cms\/wp-content\/uploads\/2022\/01\/WhatsApp-Image-2022-01-16-at-22.53.556.jpeg\" title=\"WhatsApp Image 2022-01-16 at 22.53.556\" alt=\"WhatsApp Image 2022-01-16 at 22.53.556\" \/><\/a>\n\n\t\t\t<a href=\"http:\/\/www.stifterschule.ried.at\/cms\/leitbild-religion\/whatsapp-image-2022-01-24-at-20-36-387\/\" data-cycle-caption=\"\"><img decoding=\"async\" src=\"http:\/\/www.stifterschule.ried.at\/cms\/wp-content\/uploads\/2022\/01\/WhatsApp-Image-2022-01-24-at-20.36.387.jpeg\" title=\"WhatsApp Image 2022-01-24 at 20.36.387\" alt=\"WhatsApp Image 2022-01-24 at 20.36.387\" \/><\/a>\n\t<\/div>\n\t<div class=\"gss-info\">\n\t\t<div class=\"gss-nav\"><div id=\"slideshow1_prev\" class=\"gss-prev\">&lt;<\/div><div id=\"slideshow1_play\" class=\"gss-play\">&#9658;<\/div><div id=\"slideshow1_next\" class=\"gss-next\">&gt;<\/div><\/div>\n\t\t\t<div id=\"slideshow1_pager\" class=\"gss-pager\"><\/div>\n\t<\/div>\n<\/div>\n\n\n<\/div>\n<\/div>\n<div class=\"csc-textpic csc-textpic-intext-right\">\n<div class=\"csc-textpic-imagewrap\">\n<div class=\"csc-textpic-imagerow\">\n<p><a href=\"http:\/\/www.stifterschule.ried.at\/index.php?eID=tx_cms_showpic&amp;file=uploads%2Fpics%2FReligion1bearbeitet.jpg&amp;width=800m&amp;height=600m&amp;md5=6d1dd34d3cf1971d570bcc108e946683&amp;contentHash=37e51f014fd75d6c1b896c855833d50e\" target=\"thePicture\">\u00a0\u00a0 \u00a0 \u00a0 \u00a0 \u00a0 \u00a0 \u00a0 \u00a0 \u00a0 <\/a><\/p>\n<\/div>\n<div class=\"csc-textpic-imagerow csc-textpic-imagerow-last\">\n<p>&nbsp;<\/p>\n<\/div>\n<\/div>\n<\/div>\n","protected":false},"excerpt":{"rendered":"<p>Um die Sch\u00fclerinnen und Sch\u00fcler p\u00e4dagogisch und in ihren pers\u00f6nlichen F\u00e4higkeiten optimal bei ihren Lernfortschritten zu unterst\u00fctzen, ist eine Vielfalt an Klassenformen n\u00f6tig. Wir bieten daher 9 Klassen mit insgesamt 113 Sch\u00fclerInnen davon: 4 Integrationsklassen 4 Kleingruppenklassen f\u00fcr Kinder im&hellip; <\/p>\n","protected":false},"author":1,"featured_media":0,"parent":0,"menu_order":0,"comment_status":"closed","ping_status":"closed","template":"","meta":{"_mc_calendar":[],"footnotes":""},"class_list":["post-146","page","type-page","status-publish","hentry"],"_links":{"self":[{"href":"http:\/\/www.stifterschule.ried.at\/cms\/wp-json\/wp\/v2\/pages\/146","targetHints":{"allow":["GET"]}}],"collection":[{"href":"http:\/\/www.stifterschule.ried.at\/cms\/wp-json\/wp\/v2\/pages"}],"about":[{"href":"http:\/\/www.stifterschule.ried.at\/cms\/wp-json\/wp\/v2\/types\/page"}],"author":[{"embeddable":true,"href":"http:\/\/www.stifterschule.ried.at\/cms\/wp-json\/wp\/v2\/users\/1"}],"replies":[{"embeddable":true,"href":"http:\/\/www.stifterschule.ried.at\/cms\/wp-json\/wp\/v2\/comments?post=146"}],"version-history":[{"count":66,"href":"http:\/\/www.stifterschule.ried.at\/cms\/wp-json\/wp\/v2\/pages\/146\/revisions"}],"predecessor-version":[{"id":3335,"href":"http:\/\/www.stifterschule.ried.at\/cms\/wp-json\/wp\/v2\/pages\/146\/revisions\/3335"}],"wp:attachment":[{"href":"http:\/\/www.stifterschule.ried.at\/cms\/wp-json\/wp\/v2\/media?parent=146"}],"curies":[{"name":"wp","href":"https:\/\/api.w.org\/{rel}","templated":true}]}}