{"id":158,"date":"2018-02-09T20:00:55","date_gmt":"2018-02-09T19:00:55","guid":{"rendered":"http:\/\/www.spz.ried.at\/cms\/?page_id=158"},"modified":"2020-12-02T11:26:27","modified_gmt":"2020-12-02T10:26:27","slug":"schulqualitaet-sqa","status":"publish","type":"page","link":"http:\/\/www.stifterschule.ried.at\/cms\/schulqualitaet-sqa\/","title":{"rendered":"Schulqualit\u00e4t"},"content":{"rendered":"<div class=\"csc-header csc-header-n2\">\n<h1><span style=\"color: #9e3737;\">&#8222;SQA&#8220;- Was bedeutet das?<\/span><\/h1>\n<h1><\/h1>\n<\/div>\n<div class=\"csc-textpic-imagewrap csc-textpic-single-image\"><\/div>\n<div class=\"csc-textpic csc-textpic-intext-right\">\n<div class=\"csc-textpic-text\">\n<p class=\"bodytext\">SQA ist eine Initiative des BMUKK f\u00fcr p\u00e4dagogische Qualit\u00e4tsentwicklung und Qualit\u00e4tssicherung im allgemein bildenden Schulwesen. SQA versteht sich als Methode und Werkzeug f\u00fcr die handelnden Personen auf allen Ebenen des Schulsystems, um die Qualit\u00e4t ihres Tuns und die Ergebnisse zu<br \/>\noptimieren.<\/p>\n<p class=\"bodytext\">SQA definiert zwei tragende Strukturelemente auf bzw. zwischen allen Ebenen des Schulsystems: <span style=\"color: #000000;\"><a style=\"color: #000000;\" href=\"http:\/\/www.sqa.at\/course\/category.php?id=5\" target=\"_blank\" rel=\"noopener\">Entwicklungspl\u00e4ne (EP) <\/a><\/span>u<span style=\"color: #000000;\">nd periodische <a style=\"color: #000000;\" href=\"http:\/\/www.sqa.at\/course\/category.php?id=15\" target=\"_blank\" rel=\"noopener\">Bilanz- und Zielvereinbarungsgespr\u00e4che (BZG)<\/a>. Besonders in Letzteren materialisieren sich <a style=\"color: #000000;\" href=\"http:\/\/www.sqa.at\/course\/view.php?id=65\" target=\"_blank\" rel=\"noopener\">dialogische F\u00fchrung<\/a> und Vereinbarungskultur. Sie sind von einem Klima grunds\u00e4tzlicher Wertsch\u00e4tzung gepr\u00e4gt und erfolgen auf Augenh\u00f6he. Verbindlichkeit wird durch Verschriftlichu<\/span>ng hergestellt. Grundlage der BZG sind die Entwicklungspl\u00e4ne sowie weitere relevante Unterlagen, die den F\u00fchrungspersonen vorab zur Verf\u00fcgung gestellt werden.<\/p>\n<h1><img loading=\"lazy\" decoding=\"async\" class=\"aligncenter\" src=\"http:\/\/www.stifterschule.ried.at\/uploads\/pics\/LOGO__SQA.png\" alt=\"\" width=\"196\" height=\"131\" border=\"0\" \/><\/h1>\n<h1 class=\"Normal tm5\"><span style=\"color: #9e3737;\"><strong><span class=\"tm6\">Spezielle R\u00e4ume zur F\u00f6rderung der Wahrnehmung<\/span><\/strong><\/span><\/h1>\n<p>&nbsp;<\/p>\n<p class=\"Normal tm5\"><span class=\"tm7\">Als SQA-Thema im F\u00f6rderklassenbereich haben wir heuer die Ausstattung bzw. Benutzung der neuen Therapier\u00e4umlichkeiten gew\u00e4hlt.<\/span><\/p>\n<p class=\"Normal tm5\"><span class=\"tm7\">Das Pflegebad, ausgestattet mit einer h\u00f6henverstellbaren Badewanne mit Sound- und Lichteffekten und einer Sprudelfunktion und einem Lifter-System wird mehrmals w\u00f6chentlich von den Sch\u00fclerInnen mit viel Freude genutzt. <a href=\"http:\/\/www.stifterschule.ried.at\/cms\/wp-content\/uploads\/2020\/12\/IMG-20201201-WA0001.jpg\"><img loading=\"lazy\" decoding=\"async\" class=\"wp-image-2681 alignright\" src=\"http:\/\/www.stifterschule.ried.at\/cms\/wp-content\/uploads\/2020\/12\/IMG-20201201-WA0001-225x300.jpg\" alt=\"\" width=\"181\" height=\"242\" srcset=\"http:\/\/www.stifterschule.ried.at\/cms\/wp-content\/uploads\/2020\/12\/IMG-20201201-WA0001-225x300.jpg 225w, http:\/\/www.stifterschule.ried.at\/cms\/wp-content\/uploads\/2020\/12\/IMG-20201201-WA0001.jpg 750w\" sizes=\"auto, (max-width: 181px) 100vw, 181px\" \/><\/a><br \/>\n<\/span><\/p>\n<p class=\"Normal tm5\"><span class=\"tm7\">Auch der Snoezelenraum mit verschiedenen Lichtelementen und einem Wasserbett ist bereits fast fertig und erfreut sich bei den Kindern gro\u00dfer Beliebtheit.\u00a0 <a href=\"http:\/\/www.stifterschule.ried.at\/cms\/wp-content\/uploads\/2020\/12\/IMG-20201201-WA0000.jpg\"><img loading=\"lazy\" decoding=\"async\" class=\" wp-image-2682 alignleft\" src=\"http:\/\/www.stifterschule.ried.at\/cms\/wp-content\/uploads\/2020\/12\/IMG-20201201-WA0000-225x300.jpg\" alt=\"\" width=\"174\" height=\"232\" srcset=\"http:\/\/www.stifterschule.ried.at\/cms\/wp-content\/uploads\/2020\/12\/IMG-20201201-WA0000-225x300.jpg 225w, http:\/\/www.stifterschule.ried.at\/cms\/wp-content\/uploads\/2020\/12\/IMG-20201201-WA0000.jpg 750w\" sizes=\"auto, (max-width: 174px) 100vw, 174px\" \/>\u00a0<\/a><a href=\"http:\/\/www.stifterschule.ried.at\/cms\/wp-content\/uploads\/2020\/12\/IMG-20201201-WA0003.jpg\"><img loading=\"lazy\" decoding=\"async\" class=\" wp-image-2683 alignleft\" src=\"http:\/\/www.stifterschule.ried.at\/cms\/wp-content\/uploads\/2020\/12\/IMG-20201201-WA0003-225x300.jpg\" alt=\"\" width=\"176\" height=\"235\" srcset=\"http:\/\/www.stifterschule.ried.at\/cms\/wp-content\/uploads\/2020\/12\/IMG-20201201-WA0003-225x300.jpg 225w, http:\/\/www.stifterschule.ried.at\/cms\/wp-content\/uploads\/2020\/12\/IMG-20201201-WA0003.jpg 750w\" sizes=\"auto, (max-width: 176px) 100vw, 176px\" \/><\/a><br \/>\n<\/span><\/p>\n<p class=\"Normal tm5\"><span class=\"tm7\">In den n\u00e4chsten Wochen werden wir daran arbeiten, den Malraum fertig auszustatten. Auf den Musikraum und den neuen Motorikraum m\u00fcssen wir noch bis zur Fertigstellung des Neubaus (voraussichtlich Semesterferien 2021) warten.<\/span><\/p>\n<p class=\"Normal tm5\"><span class=\"tm7\">Einen weiteren Schwerpunkt haben wir auch auf die Fortf\u00fchrung der F\u00f6rderung von einzelnen Sch\u00fclerInnen durch das Bewegungsprogramm MOVE gelegt. Zum Teil sind bereits gute Erfolge sichtbar.<\/span><\/p>\n<p class=\"Normal\">\n<h1><\/h1>\n<h1><span style=\"color: #9e3737;\"><strong>Steigerung der Lesemotivation und Lesefertigkeit<\/strong><\/span><\/h1>\n<p>&nbsp;<\/p>\n<p class=\"Normal tm5\"><span class=\"tm6\">Im Rahmen des SQA-Themas \u201eSteigerung der Lesemotivation und der Lesefertigkeiten\u201c wurde die Schulbibliothek ansprechend und gem\u00fctlich gestaltet und es werden immer passende B\u00fccher zu wechselnden Themenbereichen pr\u00e4sentiert. Schon w\u00e4hrend der Morgenaufsicht, aber auch im Rahmen des Unterrichts wird von den Kindern die B\u00fccherei gerne benutzt und es k\u00f6nnen auch jederzeit B\u00fccher ausgeborgt werden. <\/span><\/p>\n<p class=\"Normal tm5\"><span class=\"tm6\">Mithilfe von standardisierten Tests wurde bei manchen Kindern eine Schw\u00e4che bez\u00fcglich ihrer Lesefertigkeiten festgestellt. Diese erhalten nun, sofern sich die Erziehungsberechtigten damit einverstanden erkl\u00e4rten, einmal w\u00f6chentlich im Rahmen des Unterrichts von einer Lehrperson individuell und ihrem Leistungsstand entsprechend eine Lesef\u00f6rderung. <\/span><\/p>\n<p><a href=\"http:\/\/www.stifterschule.ried.at\/cms\/wp-content\/uploads\/2020\/11\/IMG_20201128_115640_resized_20201128_024748685.jpg\"><img loading=\"lazy\" decoding=\"async\" class=\"aligncenter wp-image-2662\" src=\"http:\/\/www.stifterschule.ried.at\/cms\/wp-content\/uploads\/2020\/11\/IMG_20201128_115640_resized_20201128_024748685-300x225.jpg\" alt=\"\" width=\"349\" height=\"262\" srcset=\"http:\/\/www.stifterschule.ried.at\/cms\/wp-content\/uploads\/2020\/11\/IMG_20201128_115640_resized_20201128_024748685-300x225.jpg 300w, http:\/\/www.stifterschule.ried.at\/cms\/wp-content\/uploads\/2020\/11\/IMG_20201128_115640_resized_20201128_024748685-768x576.jpg 768w, http:\/\/www.stifterschule.ried.at\/cms\/wp-content\/uploads\/2020\/11\/IMG_20201128_115640_resized_20201128_024748685-1024x768.jpg 1024w, http:\/\/www.stifterschule.ried.at\/cms\/wp-content\/uploads\/2020\/11\/IMG_20201128_115640_resized_20201128_024748685.jpg 1984w\" sizes=\"auto, (max-width: 349px) 100vw, 349px\" \/><\/a><\/p>\n<h1><span style=\"color: #9e3737;\"><strong><span class=\"tm6\">MOVE (MOBILITY OPPORTUNITIES VIA EDUCATION) &#8211; Bewegungsf\u00f6rderung von Menschen mit motorischen Beeintr\u00e4chtigungen<\/span><\/strong><\/span><\/h1>\n<p>&nbsp;<\/p>\n<p class=\"Normal tm7\"><span class=\"tm8\"><a href=\"http:\/\/www.stifterschule.ried.at\/cms\/wp-content\/uploads\/2019\/04\/header.jpg\"><img loading=\"lazy\" decoding=\"async\" class=\"aligncenter wp-image-1697\" src=\"http:\/\/www.stifterschule.ried.at\/cms\/wp-content\/uploads\/2019\/04\/header-300x96.jpg\" alt=\"\" width=\"466\" height=\"149\" srcset=\"http:\/\/www.stifterschule.ried.at\/cms\/wp-content\/uploads\/2019\/04\/header-300x96.jpg 300w, http:\/\/www.stifterschule.ried.at\/cms\/wp-content\/uploads\/2019\/04\/header-768x247.jpg 768w, http:\/\/www.stifterschule.ried.at\/cms\/wp-content\/uploads\/2019\/04\/header.jpg 874w\" sizes=\"auto, (max-width: 466px) 100vw, 466px\" \/><\/a><\/span><\/p>\n<p class=\"Normal tm7\"><span class=\"tm8\">Einer unserer SQA Schwerpunkte im Schuljahr 2018\/19 ist das Konzept von MOVE. Es handelt sich dabei um ein p\u00e4dagogisches Konzept, welches die Verbesserung der Motorik in einem klar strukturierten Lehrplan anbietet und kann somit ideal in das Schulgeschehen integriert werden. Es richtet sich an alle Sch\u00fclerinnen und Sch\u00fcler, die nicht eigenst\u00e4ndig sitzen, stehen oder gehen k\u00f6nnen. Die Umsetzung erfolgt eingebunden in den Schulalltag und f\u00fchrt die Sch\u00fclerinnen und Sch\u00fcler zu gr\u00f6\u00dftm\u00f6glicher Selbstst\u00e4ndigkeit. Daher wird ihnen mehr Teilhabe an der Gesellschaft erm\u00f6glicht. Das Konzept identifiziert und f\u00f6rdert die individuellen St\u00e4rken und F\u00e4higkeiten der Kinder und Jugendlichen und orientiert sich an deren pers\u00f6nlichen Alltagszielen. <\/span><\/p>\n<p class=\"Normal tm7\"><span class=\"tm8\">MOVE arbeitet interdisziplin\u00e4r, vereint die Kompetenzen der P\u00e4dagogik, der Therapie und das Wissen der Familie und bietet daher eine intensive F\u00f6rderung der Motorik. <\/span><\/p>\n<p class=\"Normal tm7\"><span class=\"tm8\">Durch eine 4-t\u00e4gige Fortbildung an unserer Schule kann die Ausbildung zum MOVE-Practitioner erworben werden. Sie bef\u00e4higt dazu, das MOVE-Programm in der t\u00e4glichen Arbeit mit den Sch\u00fclerinnen und Sch\u00fclern mit k\u00f6rperlicher Beeintr\u00e4chtigung umzusetzen. <\/span><\/p>\n<p class=\"Normal tm7\"><span class=\"tm8\">Einige Lehrerinnen und Schulassistentinnen nehmen an diesem Kurs teil und erhalten damit das Internationale MOVE Practitioner Zertifikat. <\/span><\/p>\n<\/div>\n<\/div>\n<p>Anhand der folgenden Fotos und Berichte erhalten Sie einen Einblick, wie sich MOVE in unserer Schule etabliert hat:<\/p>\n<ul>\n<li><a href=\"http:\/\/www.stifterschule.ried.at\/cms\/wp-content\/uploads\/2020\/04\/MOVE-Bericht-Zeilinger-Michaela.pdf\"><span style=\"text-decoration: underline;\"><span style=\"color: #00ff00; text-decoration: underline;\"><span style=\"color: #339966; text-decoration: underline;\">MOVE Entwicklungsbericht eines Sch\u00fclers<\/span><\/span><\/span><\/a><\/li>\n<li><a href=\"http:\/\/www.stifterschule.ried.at\/cms\/wp-content\/uploads\/2020\/04\/MOVE-im-schulischen-Kontext-1.pdf\"><span style=\"text-decoration: underline;\"><span style=\"color: #339966; text-decoration: underline;\">MOVE im schulischen Kontext<\/span><\/span><\/a><\/li>\n<\/ul>\n<p>&nbsp;<\/p>\n\n\n<div id=\"slideshow2\" class=\"gss-container\">\n\t<div class=\"cycle-slideshow\" \n\t\tdata-cycle-slides=\"> a\"\n\t\tdata-cycle-paused=\"true\"\n\t\tdata-cycle-prev=\"#slideshow2_prev\"\n\t\tdata-cycle-next=\"#slideshow2_next\"\n\t\tdata-cycle-pager=\"#slideshow2_pager\"\n\t\tdata-cycle-pager-template=\"<a href=#>&nbsp;<\/a>\"\n\t\tdata-cycle-speed=\"750\"\n\t\tdata-cycle-caption=\"#slideshow2_captions\"\n\t\tdata-cycle-caption-template=\"{{cycleCaption}}\"\n\t\t>\n\t\t\t<div id=\"slideshow2_pager\" class=\"gss-pager\"><\/div>\n\t\t\t<a href=\"http:\/\/www.stifterschule.ried.at\/cms\/schulqualitaet-sqa\/img-20200123-wa0004\/\" data-cycle-caption=\"Franziska sitzt auf Augenh\u00f6he mit ihren Mitsch\u00fclern\"><img decoding=\"async\" src=\"http:\/\/www.stifterschule.ried.at\/cms\/wp-content\/uploads\/2020\/01\/IMG-20200123-WA0004.jpg\" title=\"IMG-20200123-WA0004\" alt=\"IMG-20200123-WA0004\" \/><\/a>\n\n\t\t\t<a href=\"http:\/\/www.stifterschule.ried.at\/cms\/schulqualitaet-sqa\/img-20200123-wa0005\/\" data-cycle-caption=\"Paula \u00fcbt mit dem Gehtrainer zu gehen\"><img decoding=\"async\" src=\"http:\/\/www.stifterschule.ried.at\/cms\/wp-content\/uploads\/2020\/01\/IMG-20200123-WA0005.jpg\" title=\"IMG-20200123-WA0005\" alt=\"IMG-20200123-WA0005\" \/><\/a>\n\n\t\t\t<a href=\"http:\/\/www.stifterschule.ried.at\/cms\/schulqualitaet-sqa\/img-20200123-wa0006\/\" data-cycle-caption=\"\"><img decoding=\"async\" src=\"http:\/\/www.stifterschule.ried.at\/cms\/wp-content\/uploads\/2020\/01\/IMG-20200123-WA0006.jpg\" title=\"IMG-20200123-WA0006\" alt=\"IMG-20200123-WA0006\" \/><\/a>\n\n\t\t\t<a href=\"http:\/\/www.stifterschule.ried.at\/cms\/schulqualitaet-sqa\/img-20200123-wa0007\/\" data-cycle-caption=\"Paula \u00fcbt Stehen\"><img decoding=\"async\" src=\"http:\/\/www.stifterschule.ried.at\/cms\/wp-content\/uploads\/2020\/01\/IMG-20200123-WA0007.jpg\" title=\"IMG-20200123-WA0007\" alt=\"IMG-20200123-WA0007\" \/><\/a>\n\n\t\t\t<a href=\"http:\/\/www.stifterschule.ried.at\/cms\/schulqualitaet-sqa\/img-20200123-wa0008\/\" data-cycle-caption=\"Paula geht mit Unterst\u00fctzung\"><img decoding=\"async\" src=\"http:\/\/www.stifterschule.ried.at\/cms\/wp-content\/uploads\/2020\/01\/IMG-20200123-WA0008.jpg\" title=\"IMG-20200123-WA0008\" alt=\"IMG-20200123-WA0008\" \/><\/a>\n\t<\/div>\n\t<div class=\"gss-info\">\n\t\t<div class=\"gss-nav\"><div id=\"slideshow2_prev\" class=\"gss-prev\">&lt;<\/div><div id=\"slideshow2_play\" class=\"gss-play\">&#9658;<\/div><div id=\"slideshow2_next\" class=\"gss-next\">&gt;<\/div><\/div><div class=\"gss-long-cap\">Franziska sitzt auf Augenh\u00f6he mit ihren Mitsch\u00fclern<\/div><div id=\"slideshow2_captions\" class=\"gss-captions\"><\/div>\n\t<\/div>\n<\/div>\n\n\n<p>&nbsp;<\/p>\n<div class=\"csc-textpic csc-textpic-intext-right\"><\/div>\n","protected":false},"excerpt":{"rendered":"<p>&#8222;SQA&#8220;- Was bedeutet das? SQA ist eine Initiative des BMUKK f\u00fcr p\u00e4dagogische Qualit\u00e4tsentwicklung und Qualit\u00e4tssicherung im allgemein bildenden Schulwesen. SQA versteht sich als Methode und Werkzeug f\u00fcr die handelnden Personen auf allen Ebenen des Schulsystems, um die Qualit\u00e4t ihres Tuns&hellip; <\/p>\n","protected":false},"author":1,"featured_media":2263,"parent":0,"menu_order":0,"comment_status":"closed","ping_status":"closed","template":"","meta":{"_mc_calendar":[],"footnotes":""},"class_list":["post-158","page","type-page","status-publish","has-post-thumbnail","hentry"],"_links":{"self":[{"href":"http:\/\/www.stifterschule.ried.at\/cms\/wp-json\/wp\/v2\/pages\/158","targetHints":{"allow":["GET"]}}],"collection":[{"href":"http:\/\/www.stifterschule.ried.at\/cms\/wp-json\/wp\/v2\/pages"}],"about":[{"href":"http:\/\/www.stifterschule.ried.at\/cms\/wp-json\/wp\/v2\/types\/page"}],"author":[{"embeddable":true,"href":"http:\/\/www.stifterschule.ried.at\/cms\/wp-json\/wp\/v2\/users\/1"}],"replies":[{"embeddable":true,"href":"http:\/\/www.stifterschule.ried.at\/cms\/wp-json\/wp\/v2\/comments?post=158"}],"version-history":[{"count":24,"href":"http:\/\/www.stifterschule.ried.at\/cms\/wp-json\/wp\/v2\/pages\/158\/revisions"}],"predecessor-version":[{"id":2684,"href":"http:\/\/www.stifterschule.ried.at\/cms\/wp-json\/wp\/v2\/pages\/158\/revisions\/2684"}],"wp:featuredmedia":[{"embeddable":true,"href":"http:\/\/www.stifterschule.ried.at\/cms\/wp-json\/wp\/v2\/media\/2263"}],"wp:attachment":[{"href":"http:\/\/www.stifterschule.ried.at\/cms\/wp-json\/wp\/v2\/media?parent=158"}],"curies":[{"name":"wp","href":"https:\/\/api.w.org\/{rel}","templated":true}]}}