{"id":162,"date":"2018-02-09T20:01:59","date_gmt":"2018-02-09T19:01:59","guid":{"rendered":"http:\/\/www.spz.ried.at\/cms\/?page_id=162"},"modified":"2019-03-19T12:47:42","modified_gmt":"2019-03-19T11:47:42","slug":"verhaltensvereinbarungen","status":"publish","type":"page","link":"http:\/\/www.stifterschule.ried.at\/cms\/verhaltensvereinbarungen\/","title":{"rendered":"Verhaltensvereinbarungen"},"content":{"rendered":"<div class=\"csc-header csc-header-n1\">\n<h1 class=\"csc-firstHeader\"><span style=\"color: #9e3737;\">Rechte und Pflichten aller Schulpartner<br \/>\n<\/span><\/h1>\n<p>&nbsp;<\/p>\n<\/div>\n<div>\n<p class=\"bodytext\">Mit unseren Verhaltensvereinbarungen wollen wir Regeln f\u00fcr den fairen und positiven Umgang miteinander festlegen. Das Einhalten dieser Regeln ist ein wichtiger Beitrag f\u00fcr ein gutes Schulklima.<\/p>\n<p class=\"bodytext\">Die Verantwortung f\u00fcr eine gute Schule liegt bei allen Schulpartnern (Erziehungsberechtigte\u2013Sch\u00fclerInnen\u2013LehrerInnen).<\/p>\n<\/div>\n<div>\n<p class=\"bodytext\">Die Rechte und Pflichten aller Schulpartner sind in den Schulgesetzen definiert, diese sind rechtliche Grundlage f\u00fcr unsere Hausordnung, basierend darauf haben wir unsere schulstandortspezifische Verhaltensvereinbarung getroffen.<\/p>\n<\/div>\n<div>\n<p class=\"bodytext\">Die Sch\u00fclerInnen und auch die Eltern wurden in die Erarbeitung eingebunden. So f\u00fchlen sich die Sch\u00fclerInnen eher verantwortlich und es f\u00e4llt ihnen leichter, die Regeln zu akzeptieren.<\/p>\n<p class=\"bodytext\">Erw\u00fcnschtes Verhalten wird verst\u00e4rkt, f\u00fcr unerw\u00fcnschtes Verhalten muss es aber auch Konsequenzen geben. Die Form der Konsequenzen und auch die positive Verst\u00e4rkung sind festegelegt.<\/p>\n<p class=\"bodytext\"><span style=\"color: #9e3737;\"><b>Folgende Punkte sind Teil der Verhaltensvereinbarung:<\/b><\/span><\/p>\n<ul>\n<li><a href=\"http:\/\/www.spz.ried.at\/cms\/wp-content\/uploads\/2018\/02\/Hausordnung.pdf\"><span style=\"text-decoration: underline;\"><span style=\"color: #008000; text-decoration: underline;\">Hausordnung<\/span><\/span><\/a><\/li>\n<li><a href=\"http:\/\/www.spz.ried.at\/cms\/wp-content\/uploads\/2018\/02\/verhaltensvereinbarungen-1.pdf\"><span style=\"text-decoration: underline;\"><span style=\"color: #008000; text-decoration: underline;\">Rechte und Pflichten in der Schule<\/span><\/span><\/a><\/li>\n<li><span style=\"color: #339966;\"><a style=\"color: #339966;\" href=\"http:\/\/www.stifterschule.ried.at\/cms\/wp-content\/uploads\/2019\/03\/Verhaltensvereinbarungen.pdf\"><span style=\"color: #008000;\"><span style=\"text-decoration: underline;\">Verhaltensvereinbarungen<\/span><\/span><\/a><\/span><\/li>\n<\/ul>\n<\/div>\n","protected":false},"excerpt":{"rendered":"<p>Rechte und Pflichten aller Schulpartner &nbsp; Mit unseren Verhaltensvereinbarungen wollen wir Regeln f\u00fcr den fairen und positiven Umgang miteinander festlegen. Das Einhalten dieser Regeln ist ein wichtiger Beitrag f\u00fcr ein gutes Schulklima. Die Verantwortung f\u00fcr eine gute Schule liegt bei&hellip; <\/p>\n","protected":false},"author":1,"featured_media":0,"parent":0,"menu_order":0,"comment_status":"closed","ping_status":"closed","template":"","meta":{"_mc_calendar":[],"footnotes":""},"class_list":["post-162","page","type-page","status-publish","hentry"],"_links":{"self":[{"href":"http:\/\/www.stifterschule.ried.at\/cms\/wp-json\/wp\/v2\/pages\/162","targetHints":{"allow":["GET"]}}],"collection":[{"href":"http:\/\/www.stifterschule.ried.at\/cms\/wp-json\/wp\/v2\/pages"}],"about":[{"href":"http:\/\/www.stifterschule.ried.at\/cms\/wp-json\/wp\/v2\/types\/page"}],"author":[{"embeddable":true,"href":"http:\/\/www.stifterschule.ried.at\/cms\/wp-json\/wp\/v2\/users\/1"}],"replies":[{"embeddable":true,"href":"http:\/\/www.stifterschule.ried.at\/cms\/wp-json\/wp\/v2\/comments?post=162"}],"version-history":[{"count":12,"href":"http:\/\/www.stifterschule.ried.at\/cms\/wp-json\/wp\/v2\/pages\/162\/revisions"}],"predecessor-version":[{"id":270,"href":"http:\/\/www.stifterschule.ried.at\/cms\/wp-json\/wp\/v2\/pages\/162\/revisions\/270"}],"wp:attachment":[{"href":"http:\/\/www.stifterschule.ried.at\/cms\/wp-json\/wp\/v2\/media?parent=162"}],"curies":[{"name":"wp","href":"https:\/\/api.w.org\/{rel}","templated":true}]}}