{"id":173,"date":"2018-02-09T20:06:36","date_gmt":"2018-02-09T19:06:36","guid":{"rendered":"http:\/\/www.spz.ried.at\/cms\/?page_id=173"},"modified":"2024-02-04T09:37:26","modified_gmt":"2024-02-04T08:37:26","slug":"foerderverein","status":"publish","type":"page","link":"http:\/\/www.stifterschule.ried.at\/cms\/foerderverein\/","title":{"rendered":"F\u00f6rderverein"},"content":{"rendered":"<div class=\"csc-header csc-header-n6\">\n<p class=\"Normal tm7\"><span class=\"tm8\">\u00a0<\/span><\/p>\n<hr \/>\n<h1><span style=\"color: #9e3737;\">F\u00f6rderverein Stifter Schule: Helfen Sie mit!<\/span><\/h1>\n<p>&nbsp;<\/p>\n<\/div>\n<p class=\"bodytext\">Der &#8222;F\u00f6rderverein Stifter Schule&#8220; wurde von engagierten Eltern urspr\u00fcnglich gegr\u00fcndet, um die Schule in ihrem Bestreben zu unterst\u00fctzen, das Unterrichtsmodell der Integration an der Stifter Schule langfristig fortzuf\u00fchren. Dieses Ziel wurde erreicht, der Erhalt der Integrationsklassen ist vorerst gesichert.<\/p>\n<p class=\"bodytext\">Heute besteht die Aufgabe des F\u00f6rdervereines vorrangig darin, die Stifter Schule, bzw. die hier unterrichteten Kinder und deren Familien bei verschiedensten Anliegen zu unterst\u00fctzen, zum Beispiel durch \u00d6ffentlichkeitsarbeit oder finanzielle Zusch\u00fcsse f\u00fcr Schulprojekte. Ein wesentlicher Punkt ist auch die Organisation von Veranstaltungen, wie das j\u00e4hrliche Schulfest.<\/p>\n<p class=\"bodytext\">Um diese Aufgaben erf\u00fcllen zu k\u00f6nnen, ist der F\u00f6rderverein auf Hilfe angewiesen. Spenden sind daher jederzeit herzlich willkommen!<\/p>\n<p class=\"bodytext\">Ihre Hilfe kommt der Stifter Schule und damit den Kindern zugute.<\/p>\n<p>&nbsp;<\/p>\n<p><span style=\"text-decoration: underline;\">Als Ansprechpersonen stehen jederzeit gerne zur Verf\u00fcgung:<\/span><\/p>\n<p style=\"text-align: left;\">Obmann:\u00a0 Raimund Schnallinger: raimund3112@icloud.com<\/p>\n<p>Kassier:\u00a0 \u00a0 David Bertich: bertich.david@gmail.com<\/p>\n","protected":false},"excerpt":{"rendered":"<p>\u00a0 F\u00f6rderverein Stifter Schule: Helfen Sie mit! &nbsp; Der &#8222;F\u00f6rderverein Stifter Schule&#8220; wurde von engagierten Eltern urspr\u00fcnglich gegr\u00fcndet, um die Schule in ihrem Bestreben zu unterst\u00fctzen, das Unterrichtsmodell der Integration an der Stifter Schule langfristig fortzuf\u00fchren. Dieses Ziel wurde erreicht,&hellip; <\/p>\n","protected":false},"author":1,"featured_media":0,"parent":0,"menu_order":0,"comment_status":"closed","ping_status":"closed","template":"","meta":{"_mc_calendar":[],"footnotes":""},"class_list":["post-173","page","type-page","status-publish","hentry"],"_links":{"self":[{"href":"http:\/\/www.stifterschule.ried.at\/cms\/wp-json\/wp\/v2\/pages\/173","targetHints":{"allow":["GET"]}}],"collection":[{"href":"http:\/\/www.stifterschule.ried.at\/cms\/wp-json\/wp\/v2\/pages"}],"about":[{"href":"http:\/\/www.stifterschule.ried.at\/cms\/wp-json\/wp\/v2\/types\/page"}],"author":[{"embeddable":true,"href":"http:\/\/www.stifterschule.ried.at\/cms\/wp-json\/wp\/v2\/users\/1"}],"replies":[{"embeddable":true,"href":"http:\/\/www.stifterschule.ried.at\/cms\/wp-json\/wp\/v2\/comments?post=173"}],"version-history":[{"count":8,"href":"http:\/\/www.stifterschule.ried.at\/cms\/wp-json\/wp\/v2\/pages\/173\/revisions"}],"predecessor-version":[{"id":4507,"href":"http:\/\/www.stifterschule.ried.at\/cms\/wp-json\/wp\/v2\/pages\/173\/revisions\/4507"}],"wp:attachment":[{"href":"http:\/\/www.stifterschule.ried.at\/cms\/wp-json\/wp\/v2\/media?parent=173"}],"curies":[{"name":"wp","href":"https:\/\/api.w.org\/{rel}","templated":true}]}}