{"id":1871,"date":"2019-06-15T20:06:25","date_gmt":"2019-06-15T18:06:25","guid":{"rendered":"http:\/\/www.stifterschule.ried.at\/cms\/?page_id=1871"},"modified":"2025-12-14T16:12:18","modified_gmt":"2025-12-14T15:12:18","slug":"vormerkung-meines-kindes","status":"publish","type":"page","link":"http:\/\/www.stifterschule.ried.at\/cms\/vormerkung-meines-kindes\/","title":{"rendered":"Sponsoren"},"content":{"rendered":"<p><a href=\"http:\/\/www.stifterschule.ried.at\/cms\/wp-content\/uploads\/2025\/12\/Logo_DDS.png\"><img loading=\"lazy\" decoding=\"async\" class=\"aligncenter size-medium wp-image-5615\" src=\"http:\/\/www.stifterschule.ried.at\/cms\/wp-content\/uploads\/2025\/12\/Logo_DDS-300x84.png\" alt=\"\" width=\"300\" height=\"84\" srcset=\"http:\/\/www.stifterschule.ried.at\/cms\/wp-content\/uploads\/2025\/12\/Logo_DDS-300x84.png 300w, http:\/\/www.stifterschule.ried.at\/cms\/wp-content\/uploads\/2025\/12\/Logo_DDS-1024x288.png 1024w, http:\/\/www.stifterschule.ried.at\/cms\/wp-content\/uploads\/2025\/12\/Logo_DDS-768x216.png 768w, http:\/\/www.stifterschule.ried.at\/cms\/wp-content\/uploads\/2025\/12\/Logo_DDS.png 1035w\" sizes=\"auto, (max-width: 300px) 100vw, 300px\" \/><\/a><\/p>\n<p>&nbsp;<\/p>\n<p><a href=\"http:\/\/www.stifterschule.ried.at\/cms\/wp-content\/uploads\/2025\/12\/zweicon_logo_cmyk.png\"><img loading=\"lazy\" decoding=\"async\" class=\"aligncenter size-medium wp-image-5616\" src=\"http:\/\/www.stifterschule.ried.at\/cms\/wp-content\/uploads\/2025\/12\/zweicon_logo_cmyk-300x109.png\" alt=\"\" width=\"300\" height=\"109\" srcset=\"http:\/\/www.stifterschule.ried.at\/cms\/wp-content\/uploads\/2025\/12\/zweicon_logo_cmyk-300x109.png 300w, http:\/\/www.stifterschule.ried.at\/cms\/wp-content\/uploads\/2025\/12\/zweicon_logo_cmyk-1024x371.png 1024w, http:\/\/www.stifterschule.ried.at\/cms\/wp-content\/uploads\/2025\/12\/zweicon_logo_cmyk-768x279.png 768w, http:\/\/www.stifterschule.ried.at\/cms\/wp-content\/uploads\/2025\/12\/zweicon_logo_cmyk-1536x557.png 1536w, http:\/\/www.stifterschule.ried.at\/cms\/wp-content\/uploads\/2025\/12\/zweicon_logo_cmyk-2048x743.png 2048w\" sizes=\"auto, (max-width: 300px) 100vw, 300px\" \/><\/a><\/p>\n<p>&nbsp;<\/p>\n<p>Ein gro\u00dfes Dankesch\u00f6n gilt der Fa. Elmag, welche uns den Bus f\u00fcr die &#8222;Schoool games&#8220; in Wels sponserte.<\/p>\n<p><a href=\"http:\/\/www.stifterschule.ried.at\/cms\/wp-content\/uploads\/2024\/10\/ELMAG-LogoSlogan-4C.png\"><img loading=\"lazy\" decoding=\"async\" class=\"aligncenter size-medium wp-image-4871\" src=\"http:\/\/www.stifterschule.ried.at\/cms\/wp-content\/uploads\/2024\/10\/ELMAG-LogoSlogan-4C-300x127.png\" alt=\"\" width=\"300\" height=\"127\" srcset=\"http:\/\/www.stifterschule.ried.at\/cms\/wp-content\/uploads\/2024\/10\/ELMAG-LogoSlogan-4C-300x127.png 300w, http:\/\/www.stifterschule.ried.at\/cms\/wp-content\/uploads\/2024\/10\/ELMAG-LogoSlogan-4C-1024x433.png 1024w, http:\/\/www.stifterschule.ried.at\/cms\/wp-content\/uploads\/2024\/10\/ELMAG-LogoSlogan-4C-768x325.png 768w, http:\/\/www.stifterschule.ried.at\/cms\/wp-content\/uploads\/2024\/10\/ELMAG-LogoSlogan-4C-1536x649.png 1536w, http:\/\/www.stifterschule.ried.at\/cms\/wp-content\/uploads\/2024\/10\/ELMAG-LogoSlogan-4C.png 1914w\" sizes=\"auto, (max-width: 300px) 100vw, 300px\" \/><\/a><\/p>\n<hr \/>\n<p>Unser Dank gilt auch den folgenden Firmen, welche unsere Schule immer wieder in unterschiedlichen Bereichen unterst\u00fctzen:<\/p>\n<ul>\n<li>Gruber Kartonagen<\/li>\n<li>Fa. Aub\u00f6ck<\/li>\n<li>Erhardt immo GmbH<\/li>\n<li>Z\u00f6ls<\/li>\n<\/ul>\n<hr \/>\n<p>Wir danken dem Elternverein f\u00fcr die Anschaffung eines neuen Wuzeltisches. Auch der Ankauf von neuen Bobs wurde erm\u00f6glicht, diese wurden in den Bewegungspausen bereits mit viel Freude eingeweiht.<\/p>\n<p><a href=\"http:\/\/www.stifterschule.ried.at\/cms\/wp-content\/uploads\/2024\/02\/logo-Foerderverein.jpg\"><img loading=\"lazy\" decoding=\"async\" class=\"aligncenter wp-image-4525\" src=\"http:\/\/www.stifterschule.ried.at\/cms\/wp-content\/uploads\/2024\/02\/logo-Foerderverein-300x211.jpg\" alt=\"\" width=\"255\" height=\"179\" srcset=\"http:\/\/www.stifterschule.ried.at\/cms\/wp-content\/uploads\/2024\/02\/logo-Foerderverein-300x211.jpg 300w, http:\/\/www.stifterschule.ried.at\/cms\/wp-content\/uploads\/2024\/02\/logo-Foerderverein-1024x722.jpg 1024w, http:\/\/www.stifterschule.ried.at\/cms\/wp-content\/uploads\/2024\/02\/logo-Foerderverein-768x541.jpg 768w, http:\/\/www.stifterschule.ried.at\/cms\/wp-content\/uploads\/2024\/02\/logo-Foerderverein-1536x1083.jpg 1536w, http:\/\/www.stifterschule.ried.at\/cms\/wp-content\/uploads\/2024\/02\/logo-Foerderverein-2048x1444.jpg 2048w\" sizes=\"auto, (max-width: 255px) 100vw, 255px\" \/><\/a><\/p>\n<hr \/>\n<p>Wir bedanken uns beim Lions Club f\u00fcr die gro\u00dfz\u00fcgige Spende f\u00fcr unsere Schulb\u00fccherei von 500\u20ac!<\/p>\n<p><a href=\"http:\/\/www.stifterschule.ried.at\/cms\/wp-content\/uploads\/2024\/02\/logo-lions.png\"><img loading=\"lazy\" decoding=\"async\" class=\"aligncenter size-full wp-image-4505\" src=\"http:\/\/www.stifterschule.ried.at\/cms\/wp-content\/uploads\/2024\/02\/logo-lions.png\" alt=\"\" width=\"204\" height=\"192\" \/><\/a><\/p>\n<hr \/>\n<p>Danken m\u00f6chten wir auch den Goldhaubenfrauen aus Kirchdorf und Obernberg am Inn! Mit der Spende von 400\u20ac konnten Anschaffungen f\u00fcr unsere Sch\u00fcler aus den F\u00f6rderklassen zur basalen F\u00f6rderung gemacht werden.<\/p>\n<p><a href=\"http:\/\/www.stifterschule.ried.at\/cms\/wp-content\/uploads\/2023\/11\/Goldhaubenspende.jpg\"><img loading=\"lazy\" decoding=\"async\" class=\"aligncenter size-medium wp-image-4438\" src=\"http:\/\/www.stifterschule.ried.at\/cms\/wp-content\/uploads\/2023\/11\/Goldhaubenspende-300x242.jpg\" alt=\"\" width=\"300\" height=\"242\" srcset=\"http:\/\/www.stifterschule.ried.at\/cms\/wp-content\/uploads\/2023\/11\/Goldhaubenspende-300x242.jpg 300w, http:\/\/www.stifterschule.ried.at\/cms\/wp-content\/uploads\/2023\/11\/Goldhaubenspende-768x620.jpg 768w, http:\/\/www.stifterschule.ried.at\/cms\/wp-content\/uploads\/2023\/11\/Goldhaubenspende.jpg 1000w\" sizes=\"auto, (max-width: 300px) 100vw, 300px\" \/><\/a><\/p>\n<hr \/>\n<p>&nbsp;<\/p>\n","protected":false},"excerpt":{"rendered":"<p>&nbsp; &nbsp; Ein gro\u00dfes Dankesch\u00f6n gilt der Fa. Elmag, welche uns den Bus f\u00fcr die &#8222;Schoool games&#8220; in Wels sponserte. Unser Dank gilt auch den folgenden Firmen, welche unsere Schule immer wieder in unterschiedlichen Bereichen unterst\u00fctzen: Gruber Kartonagen Fa. Aub\u00f6ck&hellip; <\/p>\n","protected":false},"author":1,"featured_media":0,"parent":0,"menu_order":0,"comment_status":"closed","ping_status":"closed","template":"","meta":{"_mc_calendar":[],"footnotes":""},"class_list":["post-1871","page","type-page","status-publish","hentry"],"_links":{"self":[{"href":"http:\/\/www.stifterschule.ried.at\/cms\/wp-json\/wp\/v2\/pages\/1871","targetHints":{"allow":["GET"]}}],"collection":[{"href":"http:\/\/www.stifterschule.ried.at\/cms\/wp-json\/wp\/v2\/pages"}],"about":[{"href":"http:\/\/www.stifterschule.ried.at\/cms\/wp-json\/wp\/v2\/types\/page"}],"author":[{"embeddable":true,"href":"http:\/\/www.stifterschule.ried.at\/cms\/wp-json\/wp\/v2\/users\/1"}],"replies":[{"embeddable":true,"href":"http:\/\/www.stifterschule.ried.at\/cms\/wp-json\/wp\/v2\/comments?post=1871"}],"version-history":[{"count":14,"href":"http:\/\/www.stifterschule.ried.at\/cms\/wp-json\/wp\/v2\/pages\/1871\/revisions"}],"predecessor-version":[{"id":5619,"href":"http:\/\/www.stifterschule.ried.at\/cms\/wp-json\/wp\/v2\/pages\/1871\/revisions\/5619"}],"wp:attachment":[{"href":"http:\/\/www.stifterschule.ried.at\/cms\/wp-json\/wp\/v2\/media?parent=1871"}],"curies":[{"name":"wp","href":"https:\/\/api.w.org\/{rel}","templated":true}]}}