{"id":3258,"date":"2021-12-11T13:45:50","date_gmt":"2021-12-11T12:45:50","guid":{"rendered":"http:\/\/www.stifterschule.ried.at\/cms\/?page_id=3258"},"modified":"2023-02-05T15:41:47","modified_gmt":"2023-02-05T14:41:47","slug":"ganztagsschule","status":"publish","type":"page","link":"http:\/\/www.stifterschule.ried.at\/cms\/ganztagsschule\/","title":{"rendered":"Ganztagsschule"},"content":{"rendered":"<p class=\"Normal tm5\"><span class=\"tm6\">Nach der Unterrichtszeit beginnt f\u00fcr 44 Kinder unserer Schule das Angebot der Ganztagsschule. Die Kinder aus den F\u00f6rder- und Integrationsklassen werden hier gemeinsam betreut. Unsere drei GruppenleiterInnen Claudia und Carola und Demiray bieten mit weiteren Assistentinnen Raum und Zeit f\u00fcr all das, was Kinder und Jugendliche neben dem schulischen Alltag noch brauchen.<\/span><\/p>\n<p class=\"Normal tm5\"><span class=\"tm6\">W\u00e4hrend der Mittagspause gibt es ein gemeinsames Mittagessen, bei dem die Sch\u00fclerInnen versammelt an einem Tisch jeden Tag eine warme Mahlzeit erhalten. Nat\u00fcrlich gibt es auch die M\u00f6glichkeit, die Kinder selber mit Jause und Essen zu versorgen, sie sitzen aber genauso am Mittagstisch. Das Vermitteln von einem Gemeinschaftsgef\u00fchl ist uns besonders wichtig. Danach gibt es gen\u00fcgend Zeit zum Erholen und Spielen. F\u00fcr das gem\u00fctliche Beisammensein mit Freunden ist hier Platz. <\/span><\/p>\n<p class=\"Normal tm5\"><span class=\"tm6\">Nach der Mittagspause gehen die Sch\u00fclerInnen in die Lernzeit. Hier steht neben der Assistentin auch eine P\u00e4dagogin als Ansprechpartnerin beim Haus\u00fcbungen machen zur Verf\u00fcgung. <\/span><\/p>\n<p class=\"Normal tm7\"><span class=\"tm6\">Danach kommt der gr\u00f6\u00dfte und wichtigste Teil &#8211; die Freizeit! <\/span><\/p>\n<p class=\"Normal tm8\"><span class=\"tm6\">Die Kinder in der Ganztagsschule d\u00fcrfen selbst initiativ sein, eigene Ideen haben und diese umsetzen. Das Team der Nachmittagsbetreuung unterst\u00fctzt die Sch\u00fclerInnen dabei. Egal ob in Gruppen oder auch einzeln, f\u00fcr alles gibt es Platz. Darum werden auch alle R\u00e4umlichkeiten der Schule zur Verf\u00fcgung gestellt. So kann auf die unterschiedlichen Bed\u00fcrfnisse der Kinder eingegangen werden. Ob Snoezelenraum oder Turnsaal, Gemeinschaftsspiele in der Aula, Basteln im Werkraum oder basale Pflege im Therapiebad, alle T\u00fcren stehen offen. Besonders der gro\u00dfe Schulgarten gibt allen Kindern individuelle M\u00f6glichkeiten sich auszutoben. <\/span><\/p>\n<p class=\"Normal tm5\"><span class=\"tm6\">Bei all den unterschiedlichen Aktivit\u00e4ten geht es darum, die Bed\u00fcrfnisse der Kinder und Jugendlichen wahrzunehmen, ihre Ressourcen zu f\u00f6rdern und pers\u00f6nliche Beziehungen aufzubauen!<\/span><\/p>\n<p>&nbsp;<\/p>\n<p><span style=\"text-decoration: underline; font-size: 14pt;\">Organisatorisches: <\/span><\/p>\n<p>Telefon Gruppe 1: 0676 83 60 37 51<\/p>\n<p>Telefon Gruppe 2: 0676 83 60 37 52<\/p>\n<p>Abmeldungen immer bis 8:15 per Textnachricht auf eine der beiden Nummern. Sp\u00e4tere Abmeldungen k\u00f6nnen nicht ber\u00fccksichtigt werden, somit wird das Essen verrechnet.<\/p>\n<p>Sie erreichen Fr. Maria Felix-Vorhauer Mo. &#8211; Mi. von 7:45 Uhr bis 8:15 Uhr auf den angegebenen Nummern. Ab 11:45 Uhr sind die drei GruppenleiterInnen am Telefon erreichbar.<\/p>\n\n\n<div id=\"gslideshow\" class=\"gss-container no-captions\">\n\t<div class=\"cycle-slideshow\" \n\t\tdata-cycle-slides=\"> a\"\n\t\tdata-cycle-paused=\"true\"\n\t\tdata-cycle-prev=\"#gslideshow_prev\"\n\t\tdata-cycle-next=\"#gslideshow_next\"\n\t\tdata-cycle-pager=\"#gslideshow_pager\"\n\t\tdata-cycle-pager-template=\"<a href=#>&nbsp;<\/a>\"\n\t\tdata-cycle-speed=\"750\"\n\t\t>\n\t\t\t<a href=\"http:\/\/www.stifterschule.ried.at\/cms\/ganztagsschule\/whatsapp-image-2021-12-13-at-16-44-42\/\" data-cycle-caption=\"\"><img decoding=\"async\" src=\"http:\/\/www.stifterschule.ried.at\/cms\/wp-content\/uploads\/2021\/12\/WhatsApp-Image-2021-12-13-at-16.44.42.jpeg\" title=\"WhatsApp Image 2021-12-13 at 16.44.42\" alt=\"WhatsApp Image 2021-12-13 at 16.44.42\" \/><\/a>\n\n\t\t\t<a href=\"http:\/\/www.stifterschule.ried.at\/cms\/ganztagsschule\/whatsapp-image-22021-12-13-at-16-44-42\/\" data-cycle-caption=\"\"><img decoding=\"async\" src=\"http:\/\/www.stifterschule.ried.at\/cms\/wp-content\/uploads\/2021\/12\/WhatsApp-Image-22021-12-13-at-16.44.42.jpeg\" title=\"WhatsApp Image 22021-12-13 at 16.44.42\" alt=\"WhatsApp Image 22021-12-13 at 16.44.42\" \/><\/a>\n\n\t\t\t<a href=\"http:\/\/www.stifterschule.ried.at\/cms\/ganztagsschule\/whatsapp-image-32021-12-14-at-16-54-34\/\" data-cycle-caption=\"\"><img decoding=\"async\" src=\"http:\/\/www.stifterschule.ried.at\/cms\/wp-content\/uploads\/2021\/12\/WhatsApp-Image-32021-12-14-at-16.54.34.jpeg\" title=\"WhatsApp Image 32021-12-14 at 16.54.34\" alt=\"WhatsApp Image 32021-12-14 at 16.54.34\" \/><\/a>\n\n\t\t\t<a href=\"http:\/\/www.stifterschule.ried.at\/cms\/ganztagsschule\/whatsapp-image-52021-12-14-at-16-54-34\/\" data-cycle-caption=\"\"><img decoding=\"async\" src=\"http:\/\/www.stifterschule.ried.at\/cms\/wp-content\/uploads\/2021\/12\/WhatsApp-Image-52021-12-14-at-16.54.34.jpeg\" title=\"WhatsApp Image 52021-12-14 at 16.54.34\" alt=\"WhatsApp Image 52021-12-14 at 16.54.34\" \/><\/a>\n\n\t\t\t<a href=\"http:\/\/www.stifterschule.ried.at\/cms\/ganztagsschule\/whatsapp-image-72021-12-14-at-16-54-34\/\" data-cycle-caption=\"\"><img decoding=\"async\" src=\"http:\/\/www.stifterschule.ried.at\/cms\/wp-content\/uploads\/2021\/12\/WhatsApp-Image-72021-12-14-at-16.54.34.jpeg\" title=\"WhatsApp Image 72021-12-14 at 16.54.34\" alt=\"WhatsApp Image 72021-12-14 at 16.54.34\" \/><\/a>\n\n\t\t\t<a href=\"http:\/\/www.stifterschule.ried.at\/cms\/ganztagsschule\/whatsapp-image-122021-12-13-at-16-44-42\/\" data-cycle-caption=\"\"><img decoding=\"async\" src=\"http:\/\/www.stifterschule.ried.at\/cms\/wp-content\/uploads\/2021\/12\/WhatsApp-Image-122021-12-13-at-16.44.42.jpeg\" title=\"WhatsApp Image 122021-12-13 at 16.44.42\" alt=\"WhatsApp Image 122021-12-13 at 16.44.42\" \/><\/a>\n\n\t\t\t<a href=\"http:\/\/www.stifterschule.ried.at\/cms\/ganztagsschule\/whatsapp-image-202021-12-15-at-07-41-53\/\" data-cycle-caption=\"\"><img decoding=\"async\" src=\"http:\/\/www.stifterschule.ried.at\/cms\/wp-content\/uploads\/2021\/12\/WhatsApp-Image-202021-12-15-at-07.41.53.jpeg\" title=\"WhatsApp Image 202021-12-15 at 07.41.53\" alt=\"WhatsApp Image 202021-12-15 at 07.41.53\" \/><\/a>\n\n\t\t\t<a href=\"http:\/\/www.stifterschule.ried.at\/cms\/ganztagsschule\/whatsapp-image-212021-12-15-at-07-41-54\/\" data-cycle-caption=\"\"><img decoding=\"async\" src=\"http:\/\/www.stifterschule.ried.at\/cms\/wp-content\/uploads\/2021\/12\/WhatsApp-Image-212021-12-15-at-07.41.54.jpeg\" title=\"WhatsApp Image 212021-12-15 at 07.41.54\" alt=\"WhatsApp Image 212021-12-15 at 07.41.54\" \/><\/a>\n\n\t\t\t<a href=\"http:\/\/www.stifterschule.ried.at\/cms\/ganztagsschule\/whatsapp-image4-2021-12-14-at-16-54-34\/\" data-cycle-caption=\"\"><img decoding=\"async\" src=\"http:\/\/www.stifterschule.ried.at\/cms\/wp-content\/uploads\/2021\/12\/WhatsApp-Image4-2021-12-14-at-16.54.34.jpeg\" title=\"WhatsApp Image4 2021-12-14 at 16.54.34\" alt=\"WhatsApp Image4 2021-12-14 at 16.54.34\" \/><\/a>\n\n\t\t\t<a href=\"http:\/\/www.stifterschule.ried.at\/cms\/ganztagsschule\/whatsapp-image8-2021-12-14-at-16-54-34\/\" data-cycle-caption=\"\"><img decoding=\"async\" src=\"http:\/\/www.stifterschule.ried.at\/cms\/wp-content\/uploads\/2021\/12\/WhatsApp-Image8-2021-12-14-at-16.54.34.jpeg\" title=\"WhatsApp Image8 2021-12-14 at 16.54.34\" alt=\"WhatsApp Image8 2021-12-14 at 16.54.34\" \/><\/a>\n\n\t\t\t<a href=\"http:\/\/www.stifterschule.ried.at\/cms\/ganztagsschule\/whatsapp-image9-2021-12-14-at-16-54-34\/\" data-cycle-caption=\"\"><img decoding=\"async\" src=\"http:\/\/www.stifterschule.ried.at\/cms\/wp-content\/uploads\/2021\/12\/WhatsApp-Image9-2021-12-14-at-16.54.34.jpeg\" title=\"WhatsApp Image9 2021-12-14 at 16.54.34\" alt=\"WhatsApp Image9 2021-12-14 at 16.54.34\" \/><\/a>\n\n\t\t\t<a href=\"http:\/\/www.stifterschule.ried.at\/cms\/ganztagsschule\/whatsapp-image10-2021-12-13-at-16-44-42\/\" data-cycle-caption=\"\"><img decoding=\"async\" src=\"http:\/\/www.stifterschule.ried.at\/cms\/wp-content\/uploads\/2021\/12\/WhatsApp-Image10-2021-12-13-at-16.44.42.jpeg\" title=\"WhatsApp Image10 2021-12-13 at 16.44.42\" alt=\"WhatsApp Image10 2021-12-13 at 16.44.42\" \/><\/a>\n\n\t\t\t<a href=\"http:\/\/www.stifterschule.ried.at\/cms\/ganztagsschule\/whatsapp-image16-2021-12-15-at-07-41-50\/\" data-cycle-caption=\"\"><img decoding=\"async\" src=\"http:\/\/www.stifterschule.ried.at\/cms\/wp-content\/uploads\/2021\/12\/WhatsApp-Image16-2021-12-15-at-07.41.50.jpeg\" title=\"WhatsApp Image16 2021-12-15 at 07.41.50\" alt=\"WhatsApp Image16 2021-12-15 at 07.41.50\" \/><\/a>\n\n\t\t\t<a href=\"http:\/\/www.stifterschule.ried.at\/cms\/ganztagsschule\/whatsapp-image17-2021-12-15-at-07-41-51\/\" data-cycle-caption=\"\"><img decoding=\"async\" src=\"http:\/\/www.stifterschule.ried.at\/cms\/wp-content\/uploads\/2021\/12\/WhatsApp-Image17-2021-12-15-at-07.41.51.jpeg\" title=\"WhatsApp Image17 2021-12-15 at 07.41.51\" alt=\"WhatsApp Image17 2021-12-15 at 07.41.51\" \/><\/a>\n\n\t\t\t<a href=\"http:\/\/www.stifterschule.ried.at\/cms\/ganztagsschule\/whatsapp-image19-2021-12-15-at-07-41-52\/\" data-cycle-caption=\"\"><img decoding=\"async\" src=\"http:\/\/www.stifterschule.ried.at\/cms\/wp-content\/uploads\/2021\/12\/WhatsApp-Image19-2021-12-15-at-07.41.52.jpeg\" title=\"WhatsApp Image19 2021-12-15 at 07.41.52\" alt=\"WhatsApp Image19 2021-12-15 at 07.41.52\" \/><\/a>\n\n\t\t\t<a href=\"http:\/\/www.stifterschule.ried.at\/cms\/ganztagsschule\/whatsapp-image22-2021-12-15-at-07-41-54\/\" data-cycle-caption=\"\"><img decoding=\"async\" src=\"http:\/\/www.stifterschule.ried.at\/cms\/wp-content\/uploads\/2021\/12\/WhatsApp-Image22-2021-12-15-at-07.41.54.jpeg\" title=\"WhatsApp Image22 2021-12-15 at 07.41.54\" alt=\"WhatsApp Image22 2021-12-15 at 07.41.54\" \/><\/a>\n\n\t\t\t<a href=\"http:\/\/www.stifterschule.ried.at\/cms\/ganztagsschule\/whatsapp-image-2021-12-21-at-07-50-00\/\" data-cycle-caption=\"\"><img decoding=\"async\" src=\"http:\/\/www.stifterschule.ried.at\/cms\/wp-content\/uploads\/2021\/12\/WhatsApp-Image-2021-12-21-at-07.50.00.jpeg\" title=\"WhatsApp Image 2021-12-21 at 07.50.00\" alt=\"WhatsApp Image 2021-12-21 at 07.50.00\" \/><\/a>\n\n\t\t\t<a href=\"http:\/\/www.stifterschule.ried.at\/cms\/ganztagsschule\/whatsapp-image-12021-12-21-at-07-50-00\/\" data-cycle-caption=\"\"><img decoding=\"async\" src=\"http:\/\/www.stifterschule.ried.at\/cms\/wp-content\/uploads\/2021\/12\/WhatsApp-Image-12021-12-21-at-07.50.00.jpeg\" title=\"WhatsApp Image 12021-12-21 at 07.50.00\" alt=\"WhatsApp Image 12021-12-21 at 07.50.00\" \/><\/a>\n\n\t\t\t<a href=\"http:\/\/www.stifterschule.ried.at\/cms\/ganztagsschule\/whatsapp-image-22021-12-21-at-07-50-00\/\" data-cycle-caption=\"\"><img decoding=\"async\" src=\"http:\/\/www.stifterschule.ried.at\/cms\/wp-content\/uploads\/2021\/12\/WhatsApp-Image-22021-12-21-at-07.50.00.jpeg\" title=\"WhatsApp Image 22021-12-21 at 07.50.00\" alt=\"WhatsApp Image 22021-12-21 at 07.50.00\" \/><\/a>\n\n\t\t\t<a href=\"http:\/\/www.stifterschule.ried.at\/cms\/ganztagsschule\/whatsapp-image-32021-12-21-at-07-50-01\/\" data-cycle-caption=\"\"><img decoding=\"async\" src=\"http:\/\/www.stifterschule.ried.at\/cms\/wp-content\/uploads\/2021\/12\/WhatsApp-Image-32021-12-21-at-07.50.01.jpeg\" title=\"WhatsApp Image 32021-12-21 at 07.50.01\" alt=\"WhatsApp Image 32021-12-21 at 07.50.01\" \/><\/a>\n\t<\/div>\n\t<div class=\"gss-info\">\n\t\t<div class=\"gss-nav\"><div id=\"gslideshow_prev\" class=\"gss-prev\">&lt;<\/div><div id=\"gslideshow_play\" class=\"gss-play\">&#9658;<\/div><div id=\"gslideshow_next\" class=\"gss-next\">&gt;<\/div><\/div>\n\t\t\t<div id=\"gslideshow_pager\" class=\"gss-pager\"><\/div>\n\t<\/div>\n<\/div>\n\n\n<p>&nbsp;<\/p>\n<p class=\"Normal\">\n","protected":false},"excerpt":{"rendered":"<p>Nach der Unterrichtszeit beginnt f\u00fcr 44 Kinder unserer Schule das Angebot der Ganztagsschule. Die Kinder aus den F\u00f6rder- und Integrationsklassen werden hier gemeinsam betreut. Unsere drei GruppenleiterInnen Claudia und Carola und Demiray bieten mit weiteren Assistentinnen Raum und Zeit f\u00fcr&hellip; <\/p>\n","protected":false},"author":1,"featured_media":0,"parent":0,"menu_order":0,"comment_status":"closed","ping_status":"closed","template":"","meta":{"_mc_calendar":[],"footnotes":""},"class_list":["post-3258","page","type-page","status-publish","hentry"],"_links":{"self":[{"href":"http:\/\/www.stifterschule.ried.at\/cms\/wp-json\/wp\/v2\/pages\/3258","targetHints":{"allow":["GET"]}}],"collection":[{"href":"http:\/\/www.stifterschule.ried.at\/cms\/wp-json\/wp\/v2\/pages"}],"about":[{"href":"http:\/\/www.stifterschule.ried.at\/cms\/wp-json\/wp\/v2\/types\/page"}],"author":[{"embeddable":true,"href":"http:\/\/www.stifterschule.ried.at\/cms\/wp-json\/wp\/v2\/users\/1"}],"replies":[{"embeddable":true,"href":"http:\/\/www.stifterschule.ried.at\/cms\/wp-json\/wp\/v2\/comments?post=3258"}],"version-history":[{"count":7,"href":"http:\/\/www.stifterschule.ried.at\/cms\/wp-json\/wp\/v2\/pages\/3258\/revisions"}],"predecessor-version":[{"id":3870,"href":"http:\/\/www.stifterschule.ried.at\/cms\/wp-json\/wp\/v2\/pages\/3258\/revisions\/3870"}],"wp:attachment":[{"href":"http:\/\/www.stifterschule.ried.at\/cms\/wp-json\/wp\/v2\/media?parent=3258"}],"curies":[{"name":"wp","href":"https:\/\/api.w.org\/{rel}","templated":true}]}}