{"id":3261,"date":"2021-12-11T13:46:03","date_gmt":"2021-12-11T12:46:03","guid":{"rendered":"http:\/\/www.stifterschule.ried.at\/cms\/?page_id=3261"},"modified":"2021-12-16T16:17:54","modified_gmt":"2021-12-16T15:17:54","slug":"praxisschule-ph","status":"publish","type":"page","link":"http:\/\/www.stifterschule.ried.at\/cms\/praxisschule-ph\/","title":{"rendered":"Praxisschule PH"},"content":{"rendered":"<p class=\"Normal tm5\"><span class=\"tm6\">Unsere Schule ist Praxisschule der Privaten P\u00e4dagogischen Hochschule der Di\u00f6zese Linz und der P\u00e4dagogischen Hochschule des Bundes Linz.<\/span><\/p>\n<p>Unsere erfahrenen P\u00e4dagoginnen betreuen als Praxislehrerinnen die Studierenden und stellen ihre Klassen als aktives Praxisfeld zur Verf\u00fcgung. Durch die Vielf\u00e4ltigkeit welche unsere Sch\u00fcler mitbringen, k\u00f6nnen Studierende sehr umfassende Erfahrungen machen. Sie haben die M\u00f6glichkeit, all die p\u00e4dagogischen Methoden an unserer Schule zu erproben, welche ihnen in der Theorie schon bekannt sind. Die Studierenden haben weiters die M\u00f6glichkeiten f\u00fcr Praktika im Bereich der Sonderp\u00e4dagogik oder Praktika f\u00fcr das Volksschullehramt. Gleichzeitig sammeln sie bereits Erfahrungen dahingehend, wie es ist, in einem Team bestehend aus P\u00e4dagoginnen und Assistentinnen zu arbeiten.<\/p>\n<p>Pers\u00f6nliche Gespr\u00e4che und Erfahrungsaustausch mit der Praxislehrerin als Vor- und Nachbereitung des Praktikums, dienen als wichtiges Instrument der Reflexion und geben Sicherheit.<\/p>\n<p class=\"Normal tm5\"><span class=\"tm6\">Den Studierenden werden hier Tages- und Blockpraktikas erm\u00f6glicht, wodurch sie sich auf die Anforderungen des schulischen Alltags vorbereiten k\u00f6nnen.<\/span><\/p>\n\n\n<div id=\"gslideshow\" class=\"gss-container no-captions\">\n\t<div class=\"cycle-slideshow\" \n\t\tdata-cycle-slides=\"> a\"\n\t\tdata-cycle-paused=\"true\"\n\t\tdata-cycle-prev=\"#gslideshow_prev\"\n\t\tdata-cycle-next=\"#gslideshow_next\"\n\t\tdata-cycle-pager=\"#gslideshow_pager\"\n\t\tdata-cycle-pager-template=\"<a href=#>&nbsp;<\/a>\"\n\t\tdata-cycle-speed=\"750\"\n\t\t>\n\t\t\t<a href=\"http:\/\/www.stifterschule.ried.at\/cms\/praxisschule-ph\/1-2\/\" data-cycle-caption=\"\"><img decoding=\"async\" src=\"http:\/\/www.stifterschule.ried.at\/cms\/wp-content\/uploads\/2021\/12\/1.jpeg\" title=\"1\" alt=\"1\" \/><\/a>\n\n\t\t\t<a href=\"http:\/\/www.stifterschule.ried.at\/cms\/praxisschule-ph\/whatsapp-image-2021-12-16-at-13-53-03\/\" data-cycle-caption=\"\"><img decoding=\"async\" src=\"http:\/\/www.stifterschule.ried.at\/cms\/wp-content\/uploads\/2021\/12\/WhatsApp-Image-2021-12-16-at-13.53.03.jpeg\" title=\"WhatsApp Image 2021-12-16 at 13.53.03\" alt=\"WhatsApp Image 2021-12-16 at 13.53.03\" \/><\/a>\n\n\t\t\t<a href=\"http:\/\/www.stifterschule.ried.at\/cms\/praxisschule-ph\/whatsapp-image2-2021-12-16-at-13-53-04\/\" data-cycle-caption=\"\"><img decoding=\"async\" src=\"http:\/\/www.stifterschule.ried.at\/cms\/wp-content\/uploads\/2021\/12\/WhatsApp-Image2-2021-12-16-at-13.53.04.jpeg\" title=\"WhatsApp Image2 2021-12-16 at 13.53.04\" alt=\"WhatsApp Image2 2021-12-16 at 13.53.04\" \/><\/a>\n\t<\/div>\n\t<div class=\"gss-info\">\n\t\t<div class=\"gss-nav\"><div id=\"gslideshow_prev\" class=\"gss-prev\">&lt;<\/div><div id=\"gslideshow_play\" class=\"gss-play\">&#9658;<\/div><div id=\"gslideshow_next\" class=\"gss-next\">&gt;<\/div><\/div>\n\t\t\t<div id=\"gslideshow_pager\" class=\"gss-pager\"><\/div>\n\t<\/div>\n<\/div>\n\n\n","protected":false},"excerpt":{"rendered":"<p>Unsere Schule ist Praxisschule der Privaten P\u00e4dagogischen Hochschule der Di\u00f6zese Linz und der P\u00e4dagogischen Hochschule des Bundes Linz. Unsere erfahrenen P\u00e4dagoginnen betreuen als Praxislehrerinnen die Studierenden und stellen ihre Klassen als aktives Praxisfeld zur Verf\u00fcgung. Durch die Vielf\u00e4ltigkeit welche unsere&hellip; <\/p>\n","protected":false},"author":1,"featured_media":0,"parent":0,"menu_order":0,"comment_status":"closed","ping_status":"closed","template":"","meta":{"_mc_calendar":[],"footnotes":""},"class_list":["post-3261","page","type-page","status-publish","hentry"],"_links":{"self":[{"href":"http:\/\/www.stifterschule.ried.at\/cms\/wp-json\/wp\/v2\/pages\/3261","targetHints":{"allow":["GET"]}}],"collection":[{"href":"http:\/\/www.stifterschule.ried.at\/cms\/wp-json\/wp\/v2\/pages"}],"about":[{"href":"http:\/\/www.stifterschule.ried.at\/cms\/wp-json\/wp\/v2\/types\/page"}],"author":[{"embeddable":true,"href":"http:\/\/www.stifterschule.ried.at\/cms\/wp-json\/wp\/v2\/users\/1"}],"replies":[{"embeddable":true,"href":"http:\/\/www.stifterschule.ried.at\/cms\/wp-json\/wp\/v2\/comments?post=3261"}],"version-history":[{"count":6,"href":"http:\/\/www.stifterschule.ried.at\/cms\/wp-json\/wp\/v2\/pages\/3261\/revisions"}],"predecessor-version":[{"id":3306,"href":"http:\/\/www.stifterschule.ried.at\/cms\/wp-json\/wp\/v2\/pages\/3261\/revisions\/3306"}],"wp:attachment":[{"href":"http:\/\/www.stifterschule.ried.at\/cms\/wp-json\/wp\/v2\/media?parent=3261"}],"curies":[{"name":"wp","href":"https:\/\/api.w.org\/{rel}","templated":true}]}}