{"id":34,"date":"2017-12-09T23:06:42","date_gmt":"2017-12-09T22:06:42","guid":{"rendered":"http:\/\/www.spz.ried.at\/cms\/?page_id=34"},"modified":"2026-03-21T09:51:50","modified_gmt":"2026-03-21T08:51:50","slug":"volksschulintegrationsklasse-4v","status":"publish","type":"page","link":"http:\/\/www.stifterschule.ried.at\/cms\/volksschulintegrationsklasse-4v\/","title":{"rendered":"Klassen"},"content":{"rendered":"<h1><\/h1>\n<h1><a href=\"#volksschulen\"><span style=\"font-size: 14pt;\"><span style=\"color: #008000;\">Volksschulinklusionsklassen<\/span><\/span><\/a><\/h1>\n<h1><a href=\"#foerderklassen\"><span style=\"font-size: 14pt;\"><span style=\"color: #008000;\">F\u00f6rderklassen<\/span><\/span><\/a><\/h1>\n<hr \/>\n<h1 id=\"volksschulen\"><\/h1>\n<h1><span style=\"color: #9e3737;\">Volksschulinklusionsklasse 1i<\/span><\/h1>\n<p>&nbsp;<\/p>\n<p><a href=\"http:\/\/www.stifterschule.ried.at\/cms\/wp-content\/uploads\/2026\/03\/dsc6799f-1.jpg\"><img loading=\"lazy\" decoding=\"async\" class=\"aligncenter size-medium wp-image-5797\" src=\"http:\/\/www.stifterschule.ried.at\/cms\/wp-content\/uploads\/2026\/03\/dsc6799f-1-300x200.jpg\" alt=\"\" width=\"300\" height=\"200\" srcset=\"http:\/\/www.stifterschule.ried.at\/cms\/wp-content\/uploads\/2026\/03\/dsc6799f-1-300x200.jpg 300w, http:\/\/www.stifterschule.ried.at\/cms\/wp-content\/uploads\/2026\/03\/dsc6799f-1-1024x683.jpg 1024w, http:\/\/www.stifterschule.ried.at\/cms\/wp-content\/uploads\/2026\/03\/dsc6799f-1-768x512.jpg 768w, http:\/\/www.stifterschule.ried.at\/cms\/wp-content\/uploads\/2026\/03\/dsc6799f-1.jpg 1536w\" sizes=\"auto, (max-width: 300px) 100vw, 300px\" \/><\/a>Die beiden Diplomp\u00e4dagoginnen Michaela Zeilinger und Dagmar Strasser unterrichten die Kinder der 1i Klasse. Bianca Lechner begleitet die Sch\u00fclerInnen im Religionsunterricht. Die Schulassistentin Eva Koller unterst\u00fctzt die beiden Lehrerinnen.<\/p>\n<h1><\/h1>\n<h1><span style=\"color: #9e3737;\">Volksschulinklusionsklasse 2i<\/span><\/h1>\n<p>&nbsp;<\/p>\n<p><a href=\"http:\/\/www.stifterschule.ried.at\/cms\/wp-content\/uploads\/2026\/03\/dsc6811f.jpg\"><img loading=\"lazy\" decoding=\"async\" class=\"aligncenter size-medium wp-image-5799\" src=\"http:\/\/www.stifterschule.ried.at\/cms\/wp-content\/uploads\/2026\/03\/dsc6811f-300x200.jpg\" alt=\"\" width=\"300\" height=\"200\" srcset=\"http:\/\/www.stifterschule.ried.at\/cms\/wp-content\/uploads\/2026\/03\/dsc6811f-300x200.jpg 300w, http:\/\/www.stifterschule.ried.at\/cms\/wp-content\/uploads\/2026\/03\/dsc6811f-1024x683.jpg 1024w, http:\/\/www.stifterschule.ried.at\/cms\/wp-content\/uploads\/2026\/03\/dsc6811f-768x512.jpg 768w, http:\/\/www.stifterschule.ried.at\/cms\/wp-content\/uploads\/2026\/03\/dsc6811f.jpg 1536w\" sizes=\"auto, (max-width: 300px) 100vw, 300px\" \/><\/a>Die beiden Diplomp\u00e4dagoginnen Eva Kloibhofer und Theresa Maier unterrichten die Kinder der 2i Klasse. Bianca Lechner begleitet die Sch\u00fclerInnen im Religionsunterricht. Die Schulassistentin Michaela K\u00f6stner unterst\u00fctzt die beiden Lehrerinnen.<\/p>\n<h1><\/h1>\n<h1><span style=\"color: #9e3737;\">Volksschulinklusionsklasse 3i<\/span><\/h1>\n<p>&nbsp;<\/p>\n<p><a href=\"http:\/\/www.stifterschule.ried.at\/cms\/wp-content\/uploads\/2026\/03\/dsc6784f.jpg\"><img loading=\"lazy\" decoding=\"async\" class=\"aligncenter size-medium wp-image-5795\" src=\"http:\/\/www.stifterschule.ried.at\/cms\/wp-content\/uploads\/2026\/03\/dsc6784f-300x200.jpg\" alt=\"\" width=\"300\" height=\"200\" srcset=\"http:\/\/www.stifterschule.ried.at\/cms\/wp-content\/uploads\/2026\/03\/dsc6784f-300x200.jpg 300w, http:\/\/www.stifterschule.ried.at\/cms\/wp-content\/uploads\/2026\/03\/dsc6784f-1024x683.jpg 1024w, http:\/\/www.stifterschule.ried.at\/cms\/wp-content\/uploads\/2026\/03\/dsc6784f-768x512.jpg 768w, http:\/\/www.stifterschule.ried.at\/cms\/wp-content\/uploads\/2026\/03\/dsc6784f.jpg 1536w\" sizes=\"auto, (max-width: 300px) 100vw, 300px\" \/><\/a>Die beiden Diplomp\u00e4dagoginnen Christa Schurmann und Birgit Seidlmann-Gietl unterrichten die Kinder der 3i Klasse. Bianca Lechner begleitet die Sch\u00fclerInnen im Religionsunterricht. Die Schulassistentin Christine Erhardt unterst\u00fctzt die beiden Lehrerinnen.<\/p>\n<h1><\/h1>\n<h1 class=\"csc-firstHeader\"><span style=\"color: #9e3737;\">Volksschulinklusionsklasse 4i<\/span><\/h1>\n<p>&nbsp;<\/p>\n<p><a href=\"http:\/\/www.stifterschule.ried.at\/cms\/wp-content\/uploads\/2026\/03\/dsc6805f.jpg\"><img loading=\"lazy\" decoding=\"async\" class=\"aligncenter size-medium wp-image-5798\" src=\"http:\/\/www.stifterschule.ried.at\/cms\/wp-content\/uploads\/2026\/03\/dsc6805f-300x200.jpg\" alt=\"\" width=\"300\" height=\"200\" srcset=\"http:\/\/www.stifterschule.ried.at\/cms\/wp-content\/uploads\/2026\/03\/dsc6805f-300x200.jpg 300w, http:\/\/www.stifterschule.ried.at\/cms\/wp-content\/uploads\/2026\/03\/dsc6805f-1024x683.jpg 1024w, http:\/\/www.stifterschule.ried.at\/cms\/wp-content\/uploads\/2026\/03\/dsc6805f-768x512.jpg 768w, http:\/\/www.stifterschule.ried.at\/cms\/wp-content\/uploads\/2026\/03\/dsc6805f.jpg 1536w\" sizes=\"auto, (max-width: 300px) 100vw, 300px\" \/><\/a><span class=\"tm6\">In der 3i Klasse werden die Sch\u00fcler\/innen von den Diplomp\u00e4dagoginnen Sabine Bertich und Julia Keindl unterrichtet. Den Religionsunterricht gestaltet Bianca Lechner. Die Schulassistentin\u00a0<\/span><span class=\"tm6\">Stefanie Hintermayr unterst\u00fctzt die Sch\u00fclerInnen der 3i Klasse. <\/span><\/p>\n<hr \/>\n<h1 id=\"foerderklassen\"><span style=\"color: #9e3737;\">F\u00f6rderklasse 1f<\/span><\/h1>\n<p>&nbsp;<\/p>\n<p><a href=\"http:\/\/www.stifterschule.ried.at\/cms\/wp-content\/uploads\/2025\/03\/1f.jpg\"><img loading=\"lazy\" decoding=\"async\" class=\"aligncenter size-medium wp-image-5138\" src=\"http:\/\/www.stifterschule.ried.at\/cms\/wp-content\/uploads\/2025\/03\/1f-300x200.jpg\" alt=\"\" width=\"300\" height=\"200\" srcset=\"http:\/\/www.stifterschule.ried.at\/cms\/wp-content\/uploads\/2025\/03\/1f-300x200.jpg 300w, http:\/\/www.stifterschule.ried.at\/cms\/wp-content\/uploads\/2025\/03\/1f.jpg 500w\" sizes=\"auto, (max-width: 300px) 100vw, 300px\" \/><\/a>Die Klassenlehrerin der 1. F\u00f6rderklasse ist Theresa Lughofer. Die Kollegin Kerstin Schmierer arbeitet ebenfalls in dieser Klasse. Unterst\u00fctzt werden sie von der Schulassistentin Sigrid Strau\u00df und der Praktikantin Sabrina Zeilinger.<\/p>\n<p>&nbsp;<\/p>\n<h1><span style=\"color: #9e3737;\">F\u00f6rderklasse 2f<\/span><\/h1>\n<p>&nbsp;<\/p>\n<p><a href=\"http:\/\/www.stifterschule.ried.at\/cms\/wp-content\/uploads\/2026\/03\/dsc6781f.jpg\"><img loading=\"lazy\" decoding=\"async\" class=\"aligncenter size-medium wp-image-5794\" src=\"http:\/\/www.stifterschule.ried.at\/cms\/wp-content\/uploads\/2026\/03\/dsc6781f-300x200.jpg\" alt=\"\" width=\"300\" height=\"200\" srcset=\"http:\/\/www.stifterschule.ried.at\/cms\/wp-content\/uploads\/2026\/03\/dsc6781f-300x200.jpg 300w, http:\/\/www.stifterschule.ried.at\/cms\/wp-content\/uploads\/2026\/03\/dsc6781f-1024x683.jpg 1024w, http:\/\/www.stifterschule.ried.at\/cms\/wp-content\/uploads\/2026\/03\/dsc6781f-768x512.jpg 768w, http:\/\/www.stifterschule.ried.at\/cms\/wp-content\/uploads\/2026\/03\/dsc6781f.jpg 1536w\" sizes=\"auto, (max-width: 300px) 100vw, 300px\" \/><\/a>Die Sch\u00fclerInnen der 2f Klasse werden von der Diplomp\u00e4dagogin Christina Ettl unterrichtet. Sie arbeitet zusammen mit der Kollegin Magdalena Frauscher. Unterst\u00fctzt werden die beiden P\u00e4dagoginnen von der Schulassistentin Juliana Hohensinn.<\/p>\n<p>&nbsp;<\/p>\n<h1><span style=\"color: #9e3737;\">F\u00f6rderklasse 3f<\/span><\/h1>\n<p>&nbsp;<\/p>\n<p><a href=\"http:\/\/www.stifterschule.ried.at\/cms\/wp-content\/uploads\/2026\/03\/dsc6774f.jpg\"><img loading=\"lazy\" decoding=\"async\" class=\"aligncenter size-medium wp-image-5793\" src=\"http:\/\/www.stifterschule.ried.at\/cms\/wp-content\/uploads\/2026\/03\/dsc6774f-300x200.jpg\" alt=\"\" width=\"300\" height=\"200\" srcset=\"http:\/\/www.stifterschule.ried.at\/cms\/wp-content\/uploads\/2026\/03\/dsc6774f-300x200.jpg 300w, http:\/\/www.stifterschule.ried.at\/cms\/wp-content\/uploads\/2026\/03\/dsc6774f-1024x683.jpg 1024w, http:\/\/www.stifterschule.ried.at\/cms\/wp-content\/uploads\/2026\/03\/dsc6774f-768x512.jpg 768w, http:\/\/www.stifterschule.ried.at\/cms\/wp-content\/uploads\/2026\/03\/dsc6774f.jpg 1536w\" sizes=\"auto, (max-width: 300px) 100vw, 300px\" \/><\/a><span class=\"tm7\" style=\"color: #000000;\">Die Klassenlehrerin der gelben Klasse (3. F\u00f6rderklasse) ist die Diplomp\u00e4dagogin Heidi Buchner. In der Klasse unterrichtet Monika Flo\u00df. <\/span><span class=\"tm7\"><span style=\"color: #000000;\">Unterst\u00fctzt werden sie von der Schulassistentin Birgit Hueber.<\/span><\/span><\/p>\n<p>&nbsp;<\/p>\n<h1><span style=\"color: #9e3737;\">F\u00f6rderklasse 4f<\/span><\/h1>\n<p>&nbsp;<\/p>\n<p><a href=\"http:\/\/www.stifterschule.ried.at\/cms\/wp-content\/uploads\/2026\/03\/dsc6824f.jpg\"><img loading=\"lazy\" decoding=\"async\" class=\"aligncenter size-medium wp-image-5801\" src=\"http:\/\/www.stifterschule.ried.at\/cms\/wp-content\/uploads\/2026\/03\/dsc6824f-300x200.jpg\" alt=\"\" width=\"300\" height=\"200\" srcset=\"http:\/\/www.stifterschule.ried.at\/cms\/wp-content\/uploads\/2026\/03\/dsc6824f-300x200.jpg 300w, http:\/\/www.stifterschule.ried.at\/cms\/wp-content\/uploads\/2026\/03\/dsc6824f-1024x683.jpg 1024w, http:\/\/www.stifterschule.ried.at\/cms\/wp-content\/uploads\/2026\/03\/dsc6824f-768x512.jpg 768w, http:\/\/www.stifterschule.ried.at\/cms\/wp-content\/uploads\/2026\/03\/dsc6824f.jpg 1536w\" sizes=\"auto, (max-width: 300px) 100vw, 300px\" \/><\/a>In der 4. F\u00f6rderklasse ist Diplomp\u00e4dagogin Gabriele Sensenberger Klassenlehrerin. Sie arbeitet zusammen mit den Diplomp\u00e4dagoginnen Maria Huemer und Vera Reininger in der Klasse. Unterst\u00fctzt werden sie von den Schulassistentinnen Regina Pumberger und Karin Praml.<\/p>\n<p>&nbsp;<\/p>\n<h1><span style=\"color: #9e3737;\">F\u00f6rderklasse 5f<\/span><\/h1>\n<p>&nbsp;<\/p>\n<p><a href=\"http:\/\/www.stifterschule.ried.at\/cms\/wp-content\/uploads\/2026\/03\/dsc6818f.jpg\"><img loading=\"lazy\" decoding=\"async\" class=\"aligncenter size-medium wp-image-5800\" src=\"http:\/\/www.stifterschule.ried.at\/cms\/wp-content\/uploads\/2026\/03\/dsc6818f-300x200.jpg\" alt=\"\" width=\"300\" height=\"200\" srcset=\"http:\/\/www.stifterschule.ried.at\/cms\/wp-content\/uploads\/2026\/03\/dsc6818f-300x200.jpg 300w, http:\/\/www.stifterschule.ried.at\/cms\/wp-content\/uploads\/2026\/03\/dsc6818f-1024x683.jpg 1024w, http:\/\/www.stifterschule.ried.at\/cms\/wp-content\/uploads\/2026\/03\/dsc6818f-768x512.jpg 768w, http:\/\/www.stifterschule.ried.at\/cms\/wp-content\/uploads\/2026\/03\/dsc6818f.jpg 1536w\" sizes=\"auto, (max-width: 300px) 100vw, 300px\" \/><\/a>Die Klassenlehrerin der 5. F\u00f6rderklasse ist die Diplomp\u00e4dagogin Margerita Mijaljevic. Sie unterrichtet gemeinsam mit Helmut Gittmaier. Unterst\u00fctzt werden sie von den SchulassistentInnen Hamminger Karin und Demiray Yalcin.<\/p>\n<p>&nbsp;<\/p>\n<h1><span style=\"color: #9e3737;\">F\u00f6rderklasse 6f<\/span><\/h1>\n<p>&nbsp;<\/p>\n<p><a href=\"http:\/\/www.stifterschule.ried.at\/cms\/wp-content\/uploads\/2026\/03\/dsc6845f.jpg\"><img loading=\"lazy\" decoding=\"async\" class=\"aligncenter size-medium wp-image-5802\" src=\"http:\/\/www.stifterschule.ried.at\/cms\/wp-content\/uploads\/2026\/03\/dsc6845f-300x200.jpg\" alt=\"\" width=\"300\" height=\"200\" srcset=\"http:\/\/www.stifterschule.ried.at\/cms\/wp-content\/uploads\/2026\/03\/dsc6845f-300x200.jpg 300w, http:\/\/www.stifterschule.ried.at\/cms\/wp-content\/uploads\/2026\/03\/dsc6845f-1024x683.jpg 1024w, http:\/\/www.stifterschule.ried.at\/cms\/wp-content\/uploads\/2026\/03\/dsc6845f-768x512.jpg 768w, http:\/\/www.stifterschule.ried.at\/cms\/wp-content\/uploads\/2026\/03\/dsc6845f.jpg 1536w\" sizes=\"auto, (max-width: 300px) 100vw, 300px\" \/><\/a>Die Sch\u00fcler\/innen der 6f Klasse werden von den Diplomp\u00e4dagogInnen Maria Felix-Vorhauer und Christoph Gramberger unterrichtet. Bianca Lechner unterrichtet in der Klasse Religion. Unterst\u00fctzt werden sie von den Schulassistentinnen Bianca Zechmeister und Eva Fuchshuber.<\/p>\n","protected":false},"excerpt":{"rendered":"<p>Volksschulinklusionsklassen F\u00f6rderklassen Volksschulinklusionsklasse 1i &nbsp; Die beiden Diplomp\u00e4dagoginnen Michaela Zeilinger und Dagmar Strasser unterrichten die Kinder der 1i Klasse. Bianca Lechner begleitet die Sch\u00fclerInnen im Religionsunterricht. Die Schulassistentin Eva Koller unterst\u00fctzt die beiden Lehrerinnen. Volksschulinklusionsklasse 2i &nbsp; Die beiden Diplomp\u00e4dagoginnen&hellip; <\/p>\n","protected":false},"author":1,"featured_media":0,"parent":0,"menu_order":0,"comment_status":"closed","ping_status":"closed","template":"","meta":{"_mc_calendar":[],"footnotes":""},"class_list":["post-34","page","type-page","status-publish","hentry"],"_links":{"self":[{"href":"http:\/\/www.stifterschule.ried.at\/cms\/wp-json\/wp\/v2\/pages\/34","targetHints":{"allow":["GET"]}}],"collection":[{"href":"http:\/\/www.stifterschule.ried.at\/cms\/wp-json\/wp\/v2\/pages"}],"about":[{"href":"http:\/\/www.stifterschule.ried.at\/cms\/wp-json\/wp\/v2\/types\/page"}],"author":[{"embeddable":true,"href":"http:\/\/www.stifterschule.ried.at\/cms\/wp-json\/wp\/v2\/users\/1"}],"replies":[{"embeddable":true,"href":"http:\/\/www.stifterschule.ried.at\/cms\/wp-json\/wp\/v2\/comments?post=34"}],"version-history":[{"count":99,"href":"http:\/\/www.stifterschule.ried.at\/cms\/wp-json\/wp\/v2\/pages\/34\/revisions"}],"predecessor-version":[{"id":5811,"href":"http:\/\/www.stifterschule.ried.at\/cms\/wp-json\/wp\/v2\/pages\/34\/revisions\/5811"}],"wp:attachment":[{"href":"http:\/\/www.stifterschule.ried.at\/cms\/wp-json\/wp\/v2\/media?parent=34"}],"curies":[{"name":"wp","href":"https:\/\/api.w.org\/{rel}","templated":true}]}}